{"id":727,"date":"2012-01-25T19:00:58","date_gmt":"2012-01-25T19:00:58","guid":{"rendered":"http:\/\/clone-it.de\/wpb367\/?page_id=727"},"modified":"2022-12-01T19:13:55","modified_gmt":"2022-12-01T19:13:55","slug":"leitfaden-beim-setzen-von-kantsteinen","status":"publish","type":"page","link":"https:\/\/gartenbau.clone-it.de\/wpb367\/index.php\/tipps\/leitfaden-beim-setzen-von-kantsteinen\/","title":{"rendered":"Leitfaden beim Setzen von Kantsteinen"},"content":{"rendered":"<p style=\"text-align: justify;\">Beim Setzen von <a title=\"Einfriedung mit Kant- und L-Steinen\" href=\"https:\/\/gartenbau.clone-it.de\/wpb367\/index.php\/2012\/01\/09\/einfriedung-mit-kant-und-l-steinen\/\">Kantsteinen<\/a> ist darauf zu achten, dass eine vorgegebene Linie eingehalten wird. Zudem ist sicherzustellen, dass sich die Steine beim Abbinden des Betons nicht mehr bewegen k\u00f6nnen und so in der vorgegeben Linie verbleiben. Da Kantsteine dar\u00fcber hinaus recht gro\u00df und somit unhandlich sind und je nach Ausf\u00fchrung sehr schwer sein k\u00f6nnen (&gt;60 Kg), gibt es auch hier einige Dinge, die unbedingt beachtet werden sollten.<\/p>\n<ul>\n<li>Der geplante Verlauf der Kantsteine wird mit einer zwischen zwei oder mehreren Eisenstangen straff gespannten Maurerschnur festgelegt.<\/li>\n<li>Robuste Arbeitshandschuhe sollten gleich von Beginn an getragen werden, da die Steine mitunter scharfe Grate aus Beton aufweisen.<\/li>\n<li>Die Kantsteine werden an ihren Enden auf kleine H\u00fcgel aus nicht zu feuchtem Beton (oder Estrichbeton) gesetzt. Sitzen die Kantsteine nur an ihren Enden auf und nicht auf der gesamten Unterseite, so lassen sie sich recht leicht mit einem Gummihammer in der H\u00f6he ausrichten.<\/li>\n<li>Die senkrechte Ausrichtung der Kantsteine ist an deren Au\u00dfenseiten mit einer Wasserwaage zu \u00fcberpr\u00fcfen.<\/li>\n<li>Ist ein Stein fertig ausgerichtet, wird er an seinen Enden mit einem Keil aus Beton fixiert. Hierzu werden eine Kelle und\/oder die H\u00e4nde, gesch\u00fctzt durch Gummihandschuhe verwendet.<\/li>\n<li>M\u00fcssen Kantsteine geschnitten werden, so ist ein Winkelschneider mit einer Diamanttrennscheibe zu verwenden. Bei dieser Arbeit unbedingt die erforderliche Arbeitsschutzausr\u00fcstung, bestehend aus Geh\u00f6rschutz, Schutzbrille und Atemschutz (Staub), anlegen.<\/li>\n<li>Die Kantsteine sollten ab einem Gewicht &gt;40 Kg immer zu zweit verbaut werden.<\/li>\n<li>Stehen zwei Arbeiter zur Verf\u00fcgung, wird an jedes Ende des Kantsteines, von oben her eine gro\u00dfe Schraubzwinge befestigt. An dieser l\u00e4sst sich der Stein komfortabel anheben und einsetzten. Die Arbeiter m\u00fcssen nicht mit ihren H\u00e4nden unter den Kantstein fassen, wobei sie sich sehr tief b\u00fccken und ihre R\u00fccken in eine ung\u00fcnstige Position bringen.<\/li>\n<li>Verbaut man die Kantsteine alleine, so ist in der Mitte des Steins eine gro\u00dfe Schraubzwinge anzubringen. An dieser kann der Stein komfortabel gehoben und eingesetzt werden. Ein Griff unter den Stein mit krummen R\u00fccken wird so auch hier vermieden.<\/li>\n<li>Nach dem ersten Kantstein werden die folgenden, nachdem sie optimal am Vordermann und der Maurerschnur ausgerichtet sind, mit einem Brett und zwei Schraubzwingen miteinander verbunden und so fixiert. Hierdurch wird erreicht, dass sich die Steine beim Abbinden des Betons nicht mehr bewegen k\u00f6nnen und alle Steine auch am n\u00e4chsten Tag noch in Reih und Glied stehen.<\/li>\n<li>Nachdem der Beton abgebunden ist, k\u00f6nnen die Bretter und Schraubzwingen die zur Fixierung dienten entfernt werden.<\/li>\n<li>Anschlie\u00dfend werden die Zwischenr\u00e4ume unter den Steinen ausbetoniert. Zus\u00e4tzlich werden die Flanken der Steine von beiden Seiten keilf\u00f6rmig einbetoniert. Hierbei sollte mindestens ein Drittel des Steins von beiden Seiten durch einen Keil aus Beton fixiert sein.<\/li>\n<li>Am n\u00e4chsten oder \u00fcbern\u00e4chsten Tag k\u00f6nnen die Kantsteine von ihren Seiten her angef\u00fcllt werden.<\/li>\n<\/ul>\n<p style=\"text-align: center;\"><a href=\"https:\/\/gartenbau.clone-it.de\/wpb367\/wp-content\/uploads\/2012\/01\/ef-05-2009-08b.jpg\"><img loading=\"lazy\" decoding=\"async\" class=\"aligncenter size-full wp-image-1697\" title=\"ef-05-2009-08b\" src=\"https:\/\/gartenbau.clone-it.de\/wpb367\/wp-content\/uploads\/2012\/01\/ef-05-2009-08b.jpg\" alt=\"\" width=\"620\" height=\"392\" srcset=\"https:\/\/gartenbau.clone-it.de\/wpb367\/wp-content\/uploads\/2012\/01\/ef-05-2009-08b.jpg 620w, https:\/\/gartenbau.clone-it.de\/wpb367\/wp-content\/uploads\/2012\/01\/ef-05-2009-08b-300x189.jpg 300w\" sizes=\"auto, (max-width: 620px) 100vw, 620px\" \/><\/a><\/p>\n<p style=\"text-align: left;\"><strong>Projekte zum Thema Setzen von Kantsteinen:<\/strong><\/p>\n<ul>\n<li><a title=\"Einfriedung mit Kant- und L-Steinen\" href=\"https:\/\/gartenbau.clone-it.de\/wpb367\/index.php\/2012\/01\/09\/einfriedung-mit-kant-und-l-steinen\/\">Einfriedung mit Kant- und L-Steinen<\/a><\/li>\n<li><a title=\"Wegebau im Gartenbereich\" href=\"https:\/\/gartenbau.clone-it.de\/wpb367\/index.php\/2012\/05\/07\/wegebau-im-gartenbereich\/\">Wegebau im Gartenbereich<\/a><\/li>\n<li><a title=\"Bau einer Bruchsteinmauer als Abgrenzung zur Strasse\" href=\"https:\/\/gartenbau.clone-it.de\/wpb367\/index.php\/2012\/05\/25\/bau-einer-bruchsteinmauer-als-abgrenzung-zur-strasse-2\/\">Bau einer Bruchsteinmauer als Abgrenzung zur Stra\u00dfe<\/a><\/li>\n<li><a title=\"Abschluss des Hinterhofs mit einer Granitkante\" href=\"https:\/\/gartenbau.clone-it.de\/wpb367\/index.php\/2014\/08\/22\/abschluss-des-hinterhofs-mit-einer-granitkante\/\">Abschluss des Hinterhofs mit einer Granitkante<\/a><\/li>\n<\/ul>\n<p style=\"text-align: center;\">\n<div class=\"shariff shariff-align-flex-start shariff-widget-align-flex-start\" data-services=\"facebook\" data-url=\"https%3A%2F%2Fgartenbau.clone-it.de%2Fwpb367%2Findex.php%2Ftipps%2Fleitfaden-beim-setzen-von-kantsteinen%2F\" data-timestamp=\"1669922035\" data-hidezero=\"1\" data-backendurl=\"https:\/\/gartenbau.clone-it.de\/wpb367\/wp-json\/shariff\/v1\/share_counts?\"><div class=\"ShariffHeadline\">Diesen Beitrag teilen<\/div><ul class=\"shariff-buttons theme-color orientation-horizontal buttonsize-small\"><li class=\"shariff-button facebook shariff-nocustomcolor\" style=\"background-color:#4273c8\"><a href=\"https:\/\/www.facebook.com\/sharer\/sharer.php?u=https%3A%2F%2Fgartenbau.clone-it.de%2Fwpb367%2Findex.php%2Ftipps%2Fleitfaden-beim-setzen-von-kantsteinen%2F\" title=\"Bei Facebook teilen\" aria-label=\"Bei Facebook teilen\" role=\"button\" rel=\"nofollow\" class=\"shariff-link\" style=\"; background-color:#3b5998; color:#fff\" target=\"_blank\"><span class=\"shariff-icon\" style=\"\"><svg width=\"32px\" height=\"20px\" xmlns=\"http:\/\/www.w3.org\/2000\/svg\" viewBox=\"0 0 18 32\"><path fill=\"#3b5998\" d=\"M17.1 0.2v4.7h-2.8q-1.5 0-2.1 0.6t-0.5 1.9v3.4h5.2l-0.7 5.3h-4.5v13.6h-5.5v-13.6h-4.5v-5.3h4.5v-3.9q0-3.3 1.9-5.2t5-1.8q2.6 0 4.1 0.2z\"\/><\/svg><\/span><span class=\"shariff-text\">teilen<\/span>&nbsp;<span data-service=\"facebook\" style=\"color:#3b5998\" class=\"shariff-count shariff-hidezero\"><\/span>&nbsp;<\/a><\/li><li class=\"shariff-button whatsapp shariff-nocustomcolor\" style=\"background-color:#5cbe4a\"><a href=\"https:\/\/api.whatsapp.com\/send?text=https%3A%2F%2Fgartenbau.clone-it.de%2Fwpb367%2Findex.php%2Ftipps%2Fleitfaden-beim-setzen-von-kantsteinen%2F%20Leitfaden%20beim%20Setzen%20von%20Kantsteinen\" title=\"Bei Whatsapp teilen\" aria-label=\"Bei Whatsapp teilen\" role=\"button\" rel=\"noopener nofollow\" class=\"shariff-link\" style=\"; background-color:#34af23; color:#fff\" target=\"_blank\"><span class=\"shariff-icon\" style=\"\"><svg width=\"32px\" height=\"20px\" xmlns=\"http:\/\/www.w3.org\/2000\/svg\" viewBox=\"0 0 32 32\"><path fill=\"#34af23\" d=\"M17.6 17.4q0.2 0 1.7 0.8t1.6 0.9q0 0.1 0 0.3 0 0.6-0.3 1.4-0.3 0.7-1.3 1.2t-1.8 0.5q-1 0-3.4-1.1-1.7-0.8-3-2.1t-2.6-3.3q-1.3-1.9-1.3-3.5v-0.1q0.1-1.6 1.3-2.8 0.4-0.4 0.9-0.4 0.1 0 0.3 0t0.3 0q0.3 0 0.5 0.1t0.3 0.5q0.1 0.4 0.6 1.6t0.4 1.3q0 0.4-0.6 1t-0.6 0.8q0 0.1 0.1 0.3 0.6 1.3 1.8 2.4 1 0.9 2.7 1.8 0.2 0.1 0.4 0.1 0.3 0 1-0.9t0.9-0.9zM14 26.9q2.3 0 4.3-0.9t3.6-2.4 2.4-3.6 0.9-4.3-0.9-4.3-2.4-3.6-3.6-2.4-4.3-0.9-4.3 0.9-3.6 2.4-2.4 3.6-0.9 4.3q0 3.6 2.1 6.6l-1.4 4.2 4.3-1.4q2.8 1.9 6.2 1.9zM14 2.2q2.7 0 5.2 1.1t4.3 2.9 2.9 4.3 1.1 5.2-1.1 5.2-2.9 4.3-4.3 2.9-5.2 1.1q-3.5 0-6.5-1.7l-7.4 2.4 2.4-7.2q-1.9-3.2-1.9-6.9 0-2.7 1.1-5.2t2.9-4.3 4.3-2.9 5.2-1.1z\"\/><\/svg><\/span><span class=\"shariff-text\">teilen<\/span>&nbsp;<\/a><\/li><li class=\"shariff-button threema shariff-nocustomcolor shariff-mobile\" style=\"background-color:#4fbc24\"><a href=\"threema:\/\/compose?text=Leitfaden%20beim%20Setzen%20von%20Kantsteinen%20https%3A%2F%2Fgartenbau.clone-it.de%2Fwpb367%2Findex.php%2Ftipps%2Fleitfaden-beim-setzen-von-kantsteinen%2F\" title=\"Bei Threema teilen\" aria-label=\"Bei Threema teilen\" role=\"button\" rel=\"noopener nofollow\" class=\"shariff-link\" style=\"; background-color:#1f1f1f; color:#fff\" target=\"_blank\"><span class=\"shariff-icon\" style=\"\"><svg width=\"32px\" height=\"20px\" xmlns=\"http:\/\/www.w3.org\/2000\/svg\" viewBox=\"0 0 32 32\"><path fill=\"#1f1f1f\" d=\"M30.8 10.9c-0.3-1.4-0.9-2.6-1.8-3.8-2-2.6-5.5-4.5-9.4-5.2-1.3-0.2-1.9-0.3-3.5-0.3s-2.2 0-3.5 0.3c-4 0.7-7.4 2.6-9.4 5.2-0.9 1.2-1.5 2.4-1.8 3.8-0.1 0.5-0.2 1.2-0.2 1.6 0 0.4 0.1 1.1 0.2 1.6 0.4 1.9 1.3 3.4 2.9 5 0.8 0.8 0.8 0.8 0.7 1.3 0 0.6-0.5 1.6-1.7 3.6-0.3 0.5-0.5 0.9-0.5 0.9 0 0.1 0.1 0.1 0.5 0 0.8-0.2 2.3-0.6 5.6-1.6 1.1-0.3 1.3-0.4 2.3-0.4 0.8 0 1.1 0 2.3 0.2 1.5 0.2 3.5 0.2 4.9 0 5.1-0.6 9.3-2.9 11.4-6.3 0.5-0.9 0.9-1.8 1.1-2.8 0.1-0.5 0.2-1.1 0.2-1.6 0-0.7-0.1-1.1-0.2-1.6-0.3-1.4 0.1 0.5 0 0zM20.6 17.3c0 0.4-0.4 0.8-0.8 0.8h-7.7c-0.4 0-0.8-0.4-0.8-0.8v-4.6c0-0.4 0.4-0.8 0.8-0.8h0.2l0-1.6c0-0.9 0-1.8 0.1-2 0.1-0.6 0.6-1.2 1.1-1.7s1.1-0.7 1.9-0.8c1.8-0.3 3.7 0.7 4.2 2.2 0.1 0.3 0.1 0.7 0.1 2.1v0 1.7h0.1c0.4 0 0.8 0.4 0.8 0.8v4.6zM15.6 7.3c-0.5 0.1-0.8 0.3-1.2 0.6s-0.6 0.8-0.7 1.3c0 0.2 0 0.8 0 1.5l0 1.2h4.6v-1.3c0-1 0-1.4-0.1-1.6-0.3-1.1-1.5-1.9-2.6-1.7zM25.8 28.2c0 1.2-1 2.2-2.1 2.2s-2.1-1-2.1-2.1c0-1.2 1-2.1 2.2-2.1s2.2 1 2.2 2.2zM18.1 28.2c0 1.2-1 2.2-2.1 2.2s-2.1-1-2.1-2.1c0-1.2 1-2.1 2.2-2.1s2.2 1 2.2 2.2zM10.4 28.2c0 1.2-1 2.2-2.1 2.2s-2.1-1-2.1-2.1c0-1.2 1-2.1 2.2-2.1s2.2 1 2.2 2.2z\"\/><\/svg><\/span><span class=\"shariff-text\">teilen<\/span>&nbsp;<\/a><\/li><\/ul><\/div>","protected":false},"excerpt":{"rendered":"<p>Beim Setzen von Kantsteinen ist darauf zu achten, dass eine vorgegebene Linie eingehalten wird. Zudem ist sicherzustellen, dass sich die Steine beim Abbinden des Betons nicht mehr bewegen k\u00f6nnen und so in der vorgegeben Linie verbleiben. Da Kantsteine dar\u00fcber hinaus &hellip; <a href=\"https:\/\/gartenbau.clone-it.de\/wpb367\/index.php\/tipps\/leitfaden-beim-setzen-von-kantsteinen\/\">Weiterlesen <span class=\"meta-nav\">&rarr;<\/span><\/a><\/p>\n<div class=\"shariff shariff-align-flex-start shariff-widget-align-flex-start\" data-services=\"facebook\" data-url=\"https%3A%2F%2Fgartenbau.clone-it.de%2Fwpb367%2Findex.php%2Ftipps%2Fleitfaden-beim-setzen-von-kantsteinen%2F\" data-timestamp=\"1669922035\" data-hidezero=\"1\" data-backendurl=\"https:\/\/gartenbau.clone-it.de\/wpb367\/wp-json\/shariff\/v1\/share_counts?\"><div class=\"ShariffHeadline\">Diesen Beitrag teilen<\/div><ul class=\"shariff-buttons theme-color orientation-horizontal buttonsize-small\"><li class=\"shariff-button facebook shariff-nocustomcolor\" style=\"background-color:#4273c8\"><a href=\"https:\/\/www.facebook.com\/sharer\/sharer.php?u=https%3A%2F%2Fgartenbau.clone-it.de%2Fwpb367%2Findex.php%2Ftipps%2Fleitfaden-beim-setzen-von-kantsteinen%2F\" title=\"Bei Facebook teilen\" aria-label=\"Bei Facebook teilen\" role=\"button\" rel=\"nofollow\" class=\"shariff-link\" style=\"; background-color:#3b5998; color:#fff\" target=\"_blank\"><span class=\"shariff-icon\" style=\"\"><svg width=\"32px\" height=\"20px\" xmlns=\"http:\/\/www.w3.org\/2000\/svg\" viewBox=\"0 0 18 32\"><path fill=\"#3b5998\" d=\"M17.1 0.2v4.7h-2.8q-1.5 0-2.1 0.6t-0.5 1.9v3.4h5.2l-0.7 5.3h-4.5v13.6h-5.5v-13.6h-4.5v-5.3h4.5v-3.9q0-3.3 1.9-5.2t5-1.8q2.6 0 4.1 0.2z\"\/><\/svg><\/span><span class=\"shariff-text\">teilen<\/span>&nbsp;<span data-service=\"facebook\" style=\"color:#3b5998\" class=\"shariff-count shariff-hidezero\"><\/span>&nbsp;<\/a><\/li><li class=\"shariff-button whatsapp shariff-nocustomcolor\" style=\"background-color:#5cbe4a\"><a href=\"https:\/\/api.whatsapp.com\/send?text=https%3A%2F%2Fgartenbau.clone-it.de%2Fwpb367%2Findex.php%2Ftipps%2Fleitfaden-beim-setzen-von-kantsteinen%2F%20Leitfaden%20beim%20Setzen%20von%20Kantsteinen\" title=\"Bei Whatsapp teilen\" aria-label=\"Bei Whatsapp teilen\" role=\"button\" rel=\"noopener nofollow\" class=\"shariff-link\" style=\"; background-color:#34af23; color:#fff\" target=\"_blank\"><span class=\"shariff-icon\" style=\"\"><svg width=\"32px\" height=\"20px\" xmlns=\"http:\/\/www.w3.org\/2000\/svg\" viewBox=\"0 0 32 32\"><path fill=\"#34af23\" d=\"M17.6 17.4q0.2 0 1.7 0.8t1.6 0.9q0 0.1 0 0.3 0 0.6-0.3 1.4-0.3 0.7-1.3 1.2t-1.8 0.5q-1 0-3.4-1.1-1.7-0.8-3-2.1t-2.6-3.3q-1.3-1.9-1.3-3.5v-0.1q0.1-1.6 1.3-2.8 0.4-0.4 0.9-0.4 0.1 0 0.3 0t0.3 0q0.3 0 0.5 0.1t0.3 0.5q0.1 0.4 0.6 1.6t0.4 1.3q0 0.4-0.6 1t-0.6 0.8q0 0.1 0.1 0.3 0.6 1.3 1.8 2.4 1 0.9 2.7 1.8 0.2 0.1 0.4 0.1 0.3 0 1-0.9t0.9-0.9zM14 26.9q2.3 0 4.3-0.9t3.6-2.4 2.4-3.6 0.9-4.3-0.9-4.3-2.4-3.6-3.6-2.4-4.3-0.9-4.3 0.9-3.6 2.4-2.4 3.6-0.9 4.3q0 3.6 2.1 6.6l-1.4 4.2 4.3-1.4q2.8 1.9 6.2 1.9zM14 2.2q2.7 0 5.2 1.1t4.3 2.9 2.9 4.3 1.1 5.2-1.1 5.2-2.9 4.3-4.3 2.9-5.2 1.1q-3.5 0-6.5-1.7l-7.4 2.4 2.4-7.2q-1.9-3.2-1.9-6.9 0-2.7 1.1-5.2t2.9-4.3 4.3-2.9 5.2-1.1z\"\/><\/svg><\/span><span class=\"shariff-text\">teilen<\/span>&nbsp;<\/a><\/li><li class=\"shariff-button threema shariff-nocustomcolor shariff-mobile\" style=\"background-color:#4fbc24\"><a href=\"threema:\/\/compose?text=Leitfaden%20beim%20Setzen%20von%20Kantsteinen%20https%3A%2F%2Fgartenbau.clone-it.de%2Fwpb367%2Findex.php%2Ftipps%2Fleitfaden-beim-setzen-von-kantsteinen%2F\" title=\"Bei Threema teilen\" aria-label=\"Bei Threema teilen\" role=\"button\" rel=\"noopener nofollow\" class=\"shariff-link\" style=\"; background-color:#1f1f1f; color:#fff\" target=\"_blank\"><span class=\"shariff-icon\" style=\"\"><svg width=\"32px\" height=\"20px\" xmlns=\"http:\/\/www.w3.org\/2000\/svg\" viewBox=\"0 0 32 32\"><path fill=\"#1f1f1f\" d=\"M30.8 10.9c-0.3-1.4-0.9-2.6-1.8-3.8-2-2.6-5.5-4.5-9.4-5.2-1.3-0.2-1.9-0.3-3.5-0.3s-2.2 0-3.5 0.3c-4 0.7-7.4 2.6-9.4 5.2-0.9 1.2-1.5 2.4-1.8 3.8-0.1 0.5-0.2 1.2-0.2 1.6 0 0.4 0.1 1.1 0.2 1.6 0.4 1.9 1.3 3.4 2.9 5 0.8 0.8 0.8 0.8 0.7 1.3 0 0.6-0.5 1.6-1.7 3.6-0.3 0.5-0.5 0.9-0.5 0.9 0 0.1 0.1 0.1 0.5 0 0.8-0.2 2.3-0.6 5.6-1.6 1.1-0.3 1.3-0.4 2.3-0.4 0.8 0 1.1 0 2.3 0.2 1.5 0.2 3.5 0.2 4.9 0 5.1-0.6 9.3-2.9 11.4-6.3 0.5-0.9 0.9-1.8 1.1-2.8 0.1-0.5 0.2-1.1 0.2-1.6 0-0.7-0.1-1.1-0.2-1.6-0.3-1.4 0.1 0.5 0 0zM20.6 17.3c0 0.4-0.4 0.8-0.8 0.8h-7.7c-0.4 0-0.8-0.4-0.8-0.8v-4.6c0-0.4 0.4-0.8 0.8-0.8h0.2l0-1.6c0-0.9 0-1.8 0.1-2 0.1-0.6 0.6-1.2 1.1-1.7s1.1-0.7 1.9-0.8c1.8-0.3 3.7 0.7 4.2 2.2 0.1 0.3 0.1 0.7 0.1 2.1v0 1.7h0.1c0.4 0 0.8 0.4 0.8 0.8v4.6zM15.6 7.3c-0.5 0.1-0.8 0.3-1.2 0.6s-0.6 0.8-0.7 1.3c0 0.2 0 0.8 0 1.5l0 1.2h4.6v-1.3c0-1 0-1.4-0.1-1.6-0.3-1.1-1.5-1.9-2.6-1.7zM25.8 28.2c0 1.2-1 2.2-2.1 2.2s-2.1-1-2.1-2.1c0-1.2 1-2.1 2.2-2.1s2.2 1 2.2 2.2zM18.1 28.2c0 1.2-1 2.2-2.1 2.2s-2.1-1-2.1-2.1c0-1.2 1-2.1 2.2-2.1s2.2 1 2.2 2.2zM10.4 28.2c0 1.2-1 2.2-2.1 2.2s-2.1-1-2.1-2.1c0-1.2 1-2.1 2.2-2.1s2.2 1 2.2 2.2z\"\/><\/svg><\/span><span class=\"shariff-text\">teilen<\/span>&nbsp;<\/a><\/li><\/ul><\/div>","protected":false},"author":4,"featured_media":0,"parent":71,"menu_order":3,"comment_status":"closed","ping_status":"open","template":"","meta":{"footnotes":""},"class_list":["post-727","page","type-page","status-publish","hentry"],"_links":{"self":[{"href":"https:\/\/gartenbau.clone-it.de\/wpb367\/index.php\/wp-json\/wp\/v2\/pages\/727","targetHints":{"allow":["GET"]}}],"collection":[{"href":"https:\/\/gartenbau.clone-it.de\/wpb367\/index.php\/wp-json\/wp\/v2\/pages"}],"about":[{"href":"https:\/\/gartenbau.clone-it.de\/wpb367\/index.php\/wp-json\/wp\/v2\/types\/page"}],"author":[{"embeddable":true,"href":"https:\/\/gartenbau.clone-it.de\/wpb367\/index.php\/wp-json\/wp\/v2\/users\/4"}],"replies":[{"embeddable":true,"href":"https:\/\/gartenbau.clone-it.de\/wpb367\/index.php\/wp-json\/wp\/v2\/comments?post=727"}],"version-history":[{"count":37,"href":"https:\/\/gartenbau.clone-it.de\/wpb367\/index.php\/wp-json\/wp\/v2\/pages\/727\/revisions"}],"predecessor-version":[{"id":4269,"href":"https:\/\/gartenbau.clone-it.de\/wpb367\/index.php\/wp-json\/wp\/v2\/pages\/727\/revisions\/4269"}],"up":[{"embeddable":true,"href":"https:\/\/gartenbau.clone-it.de\/wpb367\/index.php\/wp-json\/wp\/v2\/pages\/71"}],"wp:attachment":[{"href":"https:\/\/gartenbau.clone-it.de\/wpb367\/index.php\/wp-json\/wp\/v2\/media?parent=727"}],"curies":[{"name":"wp","href":"https:\/\/api.w.org\/{rel}","templated":true}]}}