{"id":65,"date":"2011-12-16T14:09:48","date_gmt":"2011-12-16T14:09:48","guid":{"rendered":"http:\/\/10.32.0.211\/wpb367\/?page_id=65"},"modified":"2022-12-01T19:13:17","modified_gmt":"2022-12-01T19:13:17","slug":"leitfaden-beim-bau-von-trockensteinmauern","status":"publish","type":"page","link":"https:\/\/gartenbau.clone-it.de\/wpb367\/index.php\/tipps\/leitfaden-beim-bau-von-trockensteinmauern\/","title":{"rendered":"Leitfaden beim Bau von Trockensteinmauern"},"content":{"rendered":"<p style=\"text-align: justify;\">Eine <a title=\"Eine B\u00f6schung mit einer Trockensteinmauer abst\u00fctzen\" href=\"https:\/\/gartenbau.clone-it.de\/wpb367\/index.php\/2012\/02\/15\/eine-boeschung-mit-einer-trockensteinmauer-abstuetzen\/\">Trockensteinmauer<\/a> ist eine lose Formation von Steinen, die \u00fcbereinander gestapelt eine Mauer bilden. Es kommt somit kein M\u00f6rtel zum Verkleben der Steine zum Einsatz. Vielmehr werden Ungleichm\u00e4\u00dfigkeiten der einzelnen Steine durch geschicktes Kombinieren der einzelnen Steine ausgeglichen, oder es kommen kleinere Steine als Keile zum Einsatz. Die Konstruktion stabilisiert sich im wesentlichen durch ihr Eigengewicht und eine leichte Neigung gegen den Hang.<\/p>\n<p style=\"text-align: justify;\">Nachstehende Grundregeln sollten Beachtung finden um eine stabile Konstruktion zu erreichen:<\/p>\n<ul>\n<li>Die Mauer muss auf einem festen Untergrund aufgebaut werden. Hierzu ist der Untergrund entsprechend zu verdichten.<\/li>\n<li>Eine Sauberkeitsschicht aus Frostschutzschotter, der mit einem Stampfer verdichtet wurde ist empfehlenswert. Die Sauberkeitsschicht sollte eine St\u00e4rke von 10-15cm aufweisen.<\/li>\n<li>Ein Fundament aus Beton ist nicht sinnvoll und sollte daher vermieden werden, da sich hierauf das lose Mauerwerk nicht mehr setzen kann.<\/li>\n<li>Gro\u00dfe, schwere Steine bilden die Basis der Mauer. Hierf\u00fcr ist es n\u00f6tig die vorhandenen Steine auseinander zu legen.<\/li>\n<li>Die Mauer sollte eine Neigung von 5-8 Grad gegen den abzust\u00fctzenden Hang aufweisen. Die Neigung wird durch einen Versatz der Steine von Reihe zu Reihe zum Hang hin erreicht, wobei die Steine waagerecht verbaut werden.<\/li>\n<li>Die Mauer sollte aus L\u00e4ufern (Steine die l\u00e4ngs im Mauerwerk eingef\u00fcgt sind) und Bindern (Steine die quer nach hinten ins Erdreich ragen) aufgebaut werden. Nach zwei bis drei L\u00e4ufern sollte ein Binder folgen. Die Mauer wird so im dahinter liegenden Hang verzahnt.<\/li>\n<li>Die Mauer ist im Verbund aufzubauen. Senkrechte Fugen sollten sich maximal in zwei Lagen treffen.<\/li>\n<li>Wackelnde Steine werden mit kleineren Steinen in Form von Keilen hangseitig fixiert.<\/li>\n<li>Hinter der Mauer sollte eine verdichtete Drainageschicht aus Schotter mit hochgezogen werden.<\/li>\n<li>Die Zwischenr\u00e4ume der hangzugewandten\u00a0 Seite sollten mit Schotter oder Kiessand ausgestopft werden.<\/li>\n<li>Der Einsatz von Wasser erleichtert das Einschl\u00e4mmen von Feinanteilen in die dem Hang zugewandten Fugen.<\/li>\n<li>Hinter der Mauer kann ein Flies verbaut werden, sofern die Fugen der hangzugewandten Seite nicht mit Schotter oder Kiessand ausgestopft wurden (ein Flies\u00a0 wurde bei meinen bisherigen Trockensteinmauern nicht verbaut).<\/li>\n<li>Steine k\u00f6nnen mit Hammer und Mei\u00dfel behauen werden um einen besseren Halt zu erreichen.\u00a0 Da hierf\u00fcr etwas \u00dcbung erforderlich ist, sollte diese Mittel am Anfang eher etwas sparsamer eingesetzt werden.<\/li>\n<\/ul>\n<p style=\"text-align: center;\"><a href=\"https:\/\/gartenbau.clone-it.de\/wpb367\/wp-content\/uploads\/2012\/02\/tm-05-2010-05b.jpg\"><img loading=\"lazy\" decoding=\"async\" class=\"size-full wp-image-1321 aligncenter\" title=\"tm-05-2010-05b\" src=\"https:\/\/gartenbau.clone-it.de\/wpb367\/wp-content\/uploads\/2012\/02\/tm-05-2010-05b.jpg\" alt=\"\" width=\"620\" height=\"447\" srcset=\"https:\/\/gartenbau.clone-it.de\/wpb367\/wp-content\/uploads\/2012\/02\/tm-05-2010-05b.jpg 620w, https:\/\/gartenbau.clone-it.de\/wpb367\/wp-content\/uploads\/2012\/02\/tm-05-2010-05b-300x216.jpg 300w\" sizes=\"auto, (max-width: 620px) 100vw, 620px\" \/><\/a><\/p>\n<p style=\"text-align: left;\"><strong>Projekte zum Thema Trockensteinmauer:<\/strong><\/p>\n<ul>\n<li><a title=\"Lichtschacht Tageslichtfenster mit Muschelkalksteinen abst\u00fctzen\" href=\"https:\/\/gartenbau.clone-it.de\/wpb367\/index.php\/2011\/12\/16\/lichtschacht-tageslichtfenster-mit-muschelkalksteinen-abstutzen\/\">Lichtschacht Tageslichtfenster mit Muschelkalksteinen abst\u00fctzen<\/a><\/li>\n<li><a title=\"Eine B\u00f6schung mit einer Trockensteinmauer abst\u00fctzen\" href=\"https:\/\/gartenbau.clone-it.de\/wpb367\/index.php\/2012\/02\/15\/eine-boeschung-mit-einer-trockensteinmauer-abstuetzen\/\">Eine B\u00f6schung mit einer Trockensteinmauer abst\u00fctzen<\/a><\/li>\n<li><a title=\"Eine Kr\u00e4utersprirale aus Muschelkalksteinen\" href=\"https:\/\/gartenbau.clone-it.de\/wpb367\/index.php\/2012\/03\/20\/eine-kraeutersprirale-aus-muschelkalksteinen\/\">Eine Kr\u00e4uterspirale aus Muschelkalksteinen<\/a><\/li>\n<li><a title=\"Stufen aus Muschelkalksteinen als \u00dcbergang zwischen Betontreppe und Garten\" href=\"https:\/\/gartenbau.clone-it.de\/wpb367\/index.php\/2012\/04\/12\/stufen-aus-muschelkalksteinen-als-uebergang-zwischen-betontreppe-und-garten\/\">Stufen aus Muschelkalksteinen als \u00dcbergang zwischen Betontreppe und Garten<\/a><\/li>\n<\/ul>\n<p>&nbsp;<\/p>\n<div class=\"shariff shariff-align-flex-start shariff-widget-align-flex-start\" data-services=\"facebook\" data-url=\"https%3A%2F%2Fgartenbau.clone-it.de%2Fwpb367%2Findex.php%2Ftipps%2Fleitfaden-beim-bau-von-trockensteinmauern%2F\" data-timestamp=\"1669921997\" data-hidezero=\"1\" data-backendurl=\"https:\/\/gartenbau.clone-it.de\/wpb367\/wp-json\/shariff\/v1\/share_counts?\"><div class=\"ShariffHeadline\">Diesen Beitrag teilen<\/div><ul class=\"shariff-buttons theme-color orientation-horizontal buttonsize-small\"><li class=\"shariff-button facebook shariff-nocustomcolor\" style=\"background-color:#4273c8\"><a href=\"https:\/\/www.facebook.com\/sharer\/sharer.php?u=https%3A%2F%2Fgartenbau.clone-it.de%2Fwpb367%2Findex.php%2Ftipps%2Fleitfaden-beim-bau-von-trockensteinmauern%2F\" title=\"Bei Facebook teilen\" aria-label=\"Bei Facebook teilen\" role=\"button\" rel=\"nofollow\" class=\"shariff-link\" style=\"; background-color:#3b5998; color:#fff\" target=\"_blank\"><span class=\"shariff-icon\" style=\"\"><svg width=\"32px\" height=\"20px\" xmlns=\"http:\/\/www.w3.org\/2000\/svg\" viewBox=\"0 0 18 32\"><path fill=\"#3b5998\" d=\"M17.1 0.2v4.7h-2.8q-1.5 0-2.1 0.6t-0.5 1.9v3.4h5.2l-0.7 5.3h-4.5v13.6h-5.5v-13.6h-4.5v-5.3h4.5v-3.9q0-3.3 1.9-5.2t5-1.8q2.6 0 4.1 0.2z\"\/><\/svg><\/span><span class=\"shariff-text\">teilen<\/span>&nbsp;<span data-service=\"facebook\" style=\"color:#3b5998\" class=\"shariff-count shariff-hidezero\"><\/span>&nbsp;<\/a><\/li><li class=\"shariff-button whatsapp shariff-nocustomcolor\" style=\"background-color:#5cbe4a\"><a href=\"https:\/\/api.whatsapp.com\/send?text=https%3A%2F%2Fgartenbau.clone-it.de%2Fwpb367%2Findex.php%2Ftipps%2Fleitfaden-beim-bau-von-trockensteinmauern%2F%20Leitfaden%20beim%20Bau%20von%20Trockensteinmauern\" title=\"Bei Whatsapp teilen\" aria-label=\"Bei Whatsapp teilen\" role=\"button\" rel=\"noopener nofollow\" class=\"shariff-link\" style=\"; background-color:#34af23; color:#fff\" target=\"_blank\"><span class=\"shariff-icon\" style=\"\"><svg width=\"32px\" height=\"20px\" xmlns=\"http:\/\/www.w3.org\/2000\/svg\" viewBox=\"0 0 32 32\"><path fill=\"#34af23\" d=\"M17.6 17.4q0.2 0 1.7 0.8t1.6 0.9q0 0.1 0 0.3 0 0.6-0.3 1.4-0.3 0.7-1.3 1.2t-1.8 0.5q-1 0-3.4-1.1-1.7-0.8-3-2.1t-2.6-3.3q-1.3-1.9-1.3-3.5v-0.1q0.1-1.6 1.3-2.8 0.4-0.4 0.9-0.4 0.1 0 0.3 0t0.3 0q0.3 0 0.5 0.1t0.3 0.5q0.1 0.4 0.6 1.6t0.4 1.3q0 0.4-0.6 1t-0.6 0.8q0 0.1 0.1 0.3 0.6 1.3 1.8 2.4 1 0.9 2.7 1.8 0.2 0.1 0.4 0.1 0.3 0 1-0.9t0.9-0.9zM14 26.9q2.3 0 4.3-0.9t3.6-2.4 2.4-3.6 0.9-4.3-0.9-4.3-2.4-3.6-3.6-2.4-4.3-0.9-4.3 0.9-3.6 2.4-2.4 3.6-0.9 4.3q0 3.6 2.1 6.6l-1.4 4.2 4.3-1.4q2.8 1.9 6.2 1.9zM14 2.2q2.7 0 5.2 1.1t4.3 2.9 2.9 4.3 1.1 5.2-1.1 5.2-2.9 4.3-4.3 2.9-5.2 1.1q-3.5 0-6.5-1.7l-7.4 2.4 2.4-7.2q-1.9-3.2-1.9-6.9 0-2.7 1.1-5.2t2.9-4.3 4.3-2.9 5.2-1.1z\"\/><\/svg><\/span><span class=\"shariff-text\">teilen<\/span>&nbsp;<\/a><\/li><li class=\"shariff-button threema shariff-nocustomcolor shariff-mobile\" style=\"background-color:#4fbc24\"><a href=\"threema:\/\/compose?text=Leitfaden%20beim%20Bau%20von%20Trockensteinmauern%20https%3A%2F%2Fgartenbau.clone-it.de%2Fwpb367%2Findex.php%2Ftipps%2Fleitfaden-beim-bau-von-trockensteinmauern%2F\" title=\"Bei Threema teilen\" aria-label=\"Bei Threema teilen\" role=\"button\" rel=\"noopener nofollow\" class=\"shariff-link\" style=\"; background-color:#1f1f1f; color:#fff\" target=\"_blank\"><span class=\"shariff-icon\" style=\"\"><svg width=\"32px\" height=\"20px\" xmlns=\"http:\/\/www.w3.org\/2000\/svg\" viewBox=\"0 0 32 32\"><path fill=\"#1f1f1f\" d=\"M30.8 10.9c-0.3-1.4-0.9-2.6-1.8-3.8-2-2.6-5.5-4.5-9.4-5.2-1.3-0.2-1.9-0.3-3.5-0.3s-2.2 0-3.5 0.3c-4 0.7-7.4 2.6-9.4 5.2-0.9 1.2-1.5 2.4-1.8 3.8-0.1 0.5-0.2 1.2-0.2 1.6 0 0.4 0.1 1.1 0.2 1.6 0.4 1.9 1.3 3.4 2.9 5 0.8 0.8 0.8 0.8 0.7 1.3 0 0.6-0.5 1.6-1.7 3.6-0.3 0.5-0.5 0.9-0.5 0.9 0 0.1 0.1 0.1 0.5 0 0.8-0.2 2.3-0.6 5.6-1.6 1.1-0.3 1.3-0.4 2.3-0.4 0.8 0 1.1 0 2.3 0.2 1.5 0.2 3.5 0.2 4.9 0 5.1-0.6 9.3-2.9 11.4-6.3 0.5-0.9 0.9-1.8 1.1-2.8 0.1-0.5 0.2-1.1 0.2-1.6 0-0.7-0.1-1.1-0.2-1.6-0.3-1.4 0.1 0.5 0 0zM20.6 17.3c0 0.4-0.4 0.8-0.8 0.8h-7.7c-0.4 0-0.8-0.4-0.8-0.8v-4.6c0-0.4 0.4-0.8 0.8-0.8h0.2l0-1.6c0-0.9 0-1.8 0.1-2 0.1-0.6 0.6-1.2 1.1-1.7s1.1-0.7 1.9-0.8c1.8-0.3 3.7 0.7 4.2 2.2 0.1 0.3 0.1 0.7 0.1 2.1v0 1.7h0.1c0.4 0 0.8 0.4 0.8 0.8v4.6zM15.6 7.3c-0.5 0.1-0.8 0.3-1.2 0.6s-0.6 0.8-0.7 1.3c0 0.2 0 0.8 0 1.5l0 1.2h4.6v-1.3c0-1 0-1.4-0.1-1.6-0.3-1.1-1.5-1.9-2.6-1.7zM25.8 28.2c0 1.2-1 2.2-2.1 2.2s-2.1-1-2.1-2.1c0-1.2 1-2.1 2.2-2.1s2.2 1 2.2 2.2zM18.1 28.2c0 1.2-1 2.2-2.1 2.2s-2.1-1-2.1-2.1c0-1.2 1-2.1 2.2-2.1s2.2 1 2.2 2.2zM10.4 28.2c0 1.2-1 2.2-2.1 2.2s-2.1-1-2.1-2.1c0-1.2 1-2.1 2.2-2.1s2.2 1 2.2 2.2z\"\/><\/svg><\/span><span class=\"shariff-text\">teilen<\/span>&nbsp;<\/a><\/li><\/ul><\/div>","protected":false},"excerpt":{"rendered":"<p>Eine Trockensteinmauer ist eine lose Formation von Steinen, die \u00fcbereinander gestapelt eine Mauer bilden. Es kommt somit kein M\u00f6rtel zum Verkleben der Steine zum Einsatz. Vielmehr werden Ungleichm\u00e4\u00dfigkeiten der einzelnen Steine durch geschicktes Kombinieren der einzelnen Steine ausgeglichen, oder es &hellip; <a href=\"https:\/\/gartenbau.clone-it.de\/wpb367\/index.php\/tipps\/leitfaden-beim-bau-von-trockensteinmauern\/\">Weiterlesen <span class=\"meta-nav\">&rarr;<\/span><\/a><\/p>\n<div class=\"shariff shariff-align-flex-start shariff-widget-align-flex-start\" data-services=\"facebook\" data-url=\"https%3A%2F%2Fgartenbau.clone-it.de%2Fwpb367%2Findex.php%2Ftipps%2Fleitfaden-beim-bau-von-trockensteinmauern%2F\" data-timestamp=\"1669921997\" data-hidezero=\"1\" data-backendurl=\"https:\/\/gartenbau.clone-it.de\/wpb367\/wp-json\/shariff\/v1\/share_counts?\"><div class=\"ShariffHeadline\">Diesen Beitrag teilen<\/div><ul class=\"shariff-buttons theme-color orientation-horizontal buttonsize-small\"><li class=\"shariff-button facebook shariff-nocustomcolor\" style=\"background-color:#4273c8\"><a href=\"https:\/\/www.facebook.com\/sharer\/sharer.php?u=https%3A%2F%2Fgartenbau.clone-it.de%2Fwpb367%2Findex.php%2Ftipps%2Fleitfaden-beim-bau-von-trockensteinmauern%2F\" title=\"Bei Facebook teilen\" aria-label=\"Bei Facebook teilen\" role=\"button\" rel=\"nofollow\" class=\"shariff-link\" style=\"; background-color:#3b5998; color:#fff\" target=\"_blank\"><span class=\"shariff-icon\" style=\"\"><svg width=\"32px\" height=\"20px\" xmlns=\"http:\/\/www.w3.org\/2000\/svg\" viewBox=\"0 0 18 32\"><path fill=\"#3b5998\" d=\"M17.1 0.2v4.7h-2.8q-1.5 0-2.1 0.6t-0.5 1.9v3.4h5.2l-0.7 5.3h-4.5v13.6h-5.5v-13.6h-4.5v-5.3h4.5v-3.9q0-3.3 1.9-5.2t5-1.8q2.6 0 4.1 0.2z\"\/><\/svg><\/span><span class=\"shariff-text\">teilen<\/span>&nbsp;<span data-service=\"facebook\" style=\"color:#3b5998\" class=\"shariff-count shariff-hidezero\"><\/span>&nbsp;<\/a><\/li><li class=\"shariff-button whatsapp shariff-nocustomcolor\" style=\"background-color:#5cbe4a\"><a href=\"https:\/\/api.whatsapp.com\/send?text=https%3A%2F%2Fgartenbau.clone-it.de%2Fwpb367%2Findex.php%2Ftipps%2Fleitfaden-beim-bau-von-trockensteinmauern%2F%20Leitfaden%20beim%20Bau%20von%20Trockensteinmauern\" title=\"Bei Whatsapp teilen\" aria-label=\"Bei Whatsapp teilen\" role=\"button\" rel=\"noopener nofollow\" class=\"shariff-link\" style=\"; background-color:#34af23; color:#fff\" target=\"_blank\"><span class=\"shariff-icon\" style=\"\"><svg width=\"32px\" height=\"20px\" xmlns=\"http:\/\/www.w3.org\/2000\/svg\" viewBox=\"0 0 32 32\"><path fill=\"#34af23\" d=\"M17.6 17.4q0.2 0 1.7 0.8t1.6 0.9q0 0.1 0 0.3 0 0.6-0.3 1.4-0.3 0.7-1.3 1.2t-1.8 0.5q-1 0-3.4-1.1-1.7-0.8-3-2.1t-2.6-3.3q-1.3-1.9-1.3-3.5v-0.1q0.1-1.6 1.3-2.8 0.4-0.4 0.9-0.4 0.1 0 0.3 0t0.3 0q0.3 0 0.5 0.1t0.3 0.5q0.1 0.4 0.6 1.6t0.4 1.3q0 0.4-0.6 1t-0.6 0.8q0 0.1 0.1 0.3 0.6 1.3 1.8 2.4 1 0.9 2.7 1.8 0.2 0.1 0.4 0.1 0.3 0 1-0.9t0.9-0.9zM14 26.9q2.3 0 4.3-0.9t3.6-2.4 2.4-3.6 0.9-4.3-0.9-4.3-2.4-3.6-3.6-2.4-4.3-0.9-4.3 0.9-3.6 2.4-2.4 3.6-0.9 4.3q0 3.6 2.1 6.6l-1.4 4.2 4.3-1.4q2.8 1.9 6.2 1.9zM14 2.2q2.7 0 5.2 1.1t4.3 2.9 2.9 4.3 1.1 5.2-1.1 5.2-2.9 4.3-4.3 2.9-5.2 1.1q-3.5 0-6.5-1.7l-7.4 2.4 2.4-7.2q-1.9-3.2-1.9-6.9 0-2.7 1.1-5.2t2.9-4.3 4.3-2.9 5.2-1.1z\"\/><\/svg><\/span><span class=\"shariff-text\">teilen<\/span>&nbsp;<\/a><\/li><li class=\"shariff-button threema shariff-nocustomcolor shariff-mobile\" style=\"background-color:#4fbc24\"><a href=\"threema:\/\/compose?text=Leitfaden%20beim%20Bau%20von%20Trockensteinmauern%20https%3A%2F%2Fgartenbau.clone-it.de%2Fwpb367%2Findex.php%2Ftipps%2Fleitfaden-beim-bau-von-trockensteinmauern%2F\" title=\"Bei Threema teilen\" aria-label=\"Bei Threema teilen\" role=\"button\" rel=\"noopener nofollow\" class=\"shariff-link\" style=\"; background-color:#1f1f1f; color:#fff\" target=\"_blank\"><span class=\"shariff-icon\" style=\"\"><svg width=\"32px\" height=\"20px\" xmlns=\"http:\/\/www.w3.org\/2000\/svg\" viewBox=\"0 0 32 32\"><path fill=\"#1f1f1f\" d=\"M30.8 10.9c-0.3-1.4-0.9-2.6-1.8-3.8-2-2.6-5.5-4.5-9.4-5.2-1.3-0.2-1.9-0.3-3.5-0.3s-2.2 0-3.5 0.3c-4 0.7-7.4 2.6-9.4 5.2-0.9 1.2-1.5 2.4-1.8 3.8-0.1 0.5-0.2 1.2-0.2 1.6 0 0.4 0.1 1.1 0.2 1.6 0.4 1.9 1.3 3.4 2.9 5 0.8 0.8 0.8 0.8 0.7 1.3 0 0.6-0.5 1.6-1.7 3.6-0.3 0.5-0.5 0.9-0.5 0.9 0 0.1 0.1 0.1 0.5 0 0.8-0.2 2.3-0.6 5.6-1.6 1.1-0.3 1.3-0.4 2.3-0.4 0.8 0 1.1 0 2.3 0.2 1.5 0.2 3.5 0.2 4.9 0 5.1-0.6 9.3-2.9 11.4-6.3 0.5-0.9 0.9-1.8 1.1-2.8 0.1-0.5 0.2-1.1 0.2-1.6 0-0.7-0.1-1.1-0.2-1.6-0.3-1.4 0.1 0.5 0 0zM20.6 17.3c0 0.4-0.4 0.8-0.8 0.8h-7.7c-0.4 0-0.8-0.4-0.8-0.8v-4.6c0-0.4 0.4-0.8 0.8-0.8h0.2l0-1.6c0-0.9 0-1.8 0.1-2 0.1-0.6 0.6-1.2 1.1-1.7s1.1-0.7 1.9-0.8c1.8-0.3 3.7 0.7 4.2 2.2 0.1 0.3 0.1 0.7 0.1 2.1v0 1.7h0.1c0.4 0 0.8 0.4 0.8 0.8v4.6zM15.6 7.3c-0.5 0.1-0.8 0.3-1.2 0.6s-0.6 0.8-0.7 1.3c0 0.2 0 0.8 0 1.5l0 1.2h4.6v-1.3c0-1 0-1.4-0.1-1.6-0.3-1.1-1.5-1.9-2.6-1.7zM25.8 28.2c0 1.2-1 2.2-2.1 2.2s-2.1-1-2.1-2.1c0-1.2 1-2.1 2.2-2.1s2.2 1 2.2 2.2zM18.1 28.2c0 1.2-1 2.2-2.1 2.2s-2.1-1-2.1-2.1c0-1.2 1-2.1 2.2-2.1s2.2 1 2.2 2.2zM10.4 28.2c0 1.2-1 2.2-2.1 2.2s-2.1-1-2.1-2.1c0-1.2 1-2.1 2.2-2.1s2.2 1 2.2 2.2z\"\/><\/svg><\/span><span class=\"shariff-text\">teilen<\/span>&nbsp;<\/a><\/li><\/ul><\/div>","protected":false},"author":4,"featured_media":1327,"parent":71,"menu_order":1,"comment_status":"closed","ping_status":"open","template":"","meta":{"footnotes":""},"class_list":["post-65","page","type-page","status-publish","has-post-thumbnail","hentry"],"_links":{"self":[{"href":"https:\/\/gartenbau.clone-it.de\/wpb367\/index.php\/wp-json\/wp\/v2\/pages\/65","targetHints":{"allow":["GET"]}}],"collection":[{"href":"https:\/\/gartenbau.clone-it.de\/wpb367\/index.php\/wp-json\/wp\/v2\/pages"}],"about":[{"href":"https:\/\/gartenbau.clone-it.de\/wpb367\/index.php\/wp-json\/wp\/v2\/types\/page"}],"author":[{"embeddable":true,"href":"https:\/\/gartenbau.clone-it.de\/wpb367\/index.php\/wp-json\/wp\/v2\/users\/4"}],"replies":[{"embeddable":true,"href":"https:\/\/gartenbau.clone-it.de\/wpb367\/index.php\/wp-json\/wp\/v2\/comments?post=65"}],"version-history":[{"count":36,"href":"https:\/\/gartenbau.clone-it.de\/wpb367\/index.php\/wp-json\/wp\/v2\/pages\/65\/revisions"}],"predecessor-version":[{"id":4267,"href":"https:\/\/gartenbau.clone-it.de\/wpb367\/index.php\/wp-json\/wp\/v2\/pages\/65\/revisions\/4267"}],"up":[{"embeddable":true,"href":"https:\/\/gartenbau.clone-it.de\/wpb367\/index.php\/wp-json\/wp\/v2\/pages\/71"}],"wp:featuredmedia":[{"embeddable":true,"href":"https:\/\/gartenbau.clone-it.de\/wpb367\/index.php\/wp-json\/wp\/v2\/media\/1327"}],"wp:attachment":[{"href":"https:\/\/gartenbau.clone-it.de\/wpb367\/index.php\/wp-json\/wp\/v2\/media?parent=65"}],"curies":[{"name":"wp","href":"https:\/\/api.w.org\/{rel}","templated":true}]}}