{"id":213,"date":"2011-12-29T16:16:25","date_gmt":"2011-12-29T16:16:25","guid":{"rendered":"http:\/\/clone-it.dyndns.info\/wpb367\/?page_id=213"},"modified":"2022-12-01T19:13:31","modified_gmt":"2022-12-01T19:13:31","slug":"leitfaden-beim-bau-von-bruchsteinmauern","status":"publish","type":"page","link":"https:\/\/gartenbau.clone-it.de\/wpb367\/index.php\/tipps\/leitfaden-beim-bau-von-bruchsteinmauern\/","title":{"rendered":"Leitfaden beim Bau von Bruchsteinmauern"},"content":{"rendered":"<p style=\"text-align: justify;\">Eine <a title=\"Freistehende Bruchsteinmauer zur Einfassung der Terrasse\" href=\"https:\/\/gartenbau.clone-it.de\/wpb367\/index.php\/2011\/12\/28\/freistehende-bruchsteinmauer-zur-einfassung-der-terrasse\/\">Bruchsteinmauer<\/a> ist eine aus mit M\u00f6rtel verklebten Bruchsteinen errichtete Mauer. Unter Bruchsteinen versteht man Steine, die direkt aus einem Steinbruch stammen ohne weiter bearbeitet worden zu sein. Beim Errichten von Bruchsteinmauern sollten nachstehende Regeln Beachtung finden:<\/p>\n<ul>\n<li>Bereits beim Aussortieren im Steinbruch sollte man nach geeigneten Steinen Ausschau halten. Die gew\u00e4hlten Steine d\u00fcrfen nicht breiter als die zu errichtende Mauer sein. Die Steine sollten m\u00f6glichst quadratisch sein, damit man sie leichter vermauern kann.<\/li>\n<li>Bruchsteinmauern ben\u00f6tigen ein stabiles Fundament aus Stahlbeton auf dem sie ruhen. Da eine Bruchsteinmauer starr ist, f\u00fchren sp\u00e4tere Setzungen und Bewegungen im Untergrund zu Rissen in der Mauer.<\/li>\n<li>Damit sich der M\u00f6rtel der Mauer mit dem Fundament besser verbindet wird das Fundament mit einem Quastpinsel angefeuchtet. Anschlie\u00dfend wird eine Schicht aus Fliesenkleber aufgezogen und darauf die erste Lage M\u00f6rtel gegeben.<\/li>\n<li>Beim vermauern von Natursteinen, ist Trass-Zement zu verwenden. Dieser haftet zum einen besser am Naturstein an und bl\u00fcht nicht aus (wei\u00dfe Fahnen aus den Fugen).<\/li>\n<li>Eine Bruchsteinmauer sollte eine Breite von 45 cm nicht unterschreiten. Ab dieser Breite k\u00f6nnen die beiden Au\u00dfenw\u00e4nde unabh\u00e4ngig voneinander gemauert werden und der Spalt in der Mitte kann mit kleinen Steinen und M\u00f6rtel aufgef\u00fcllt werden.<\/li>\n<li>Schm\u00e4lere Bruchsteinmauern (&lt; 45 cm) sind durchaus m\u00f6glich, erfordern jedoch ein gr\u00f6\u00dferes Geschick. Die erste selbst errichtete Bruchsteinmauer sollte somit nicht zu schmal gew\u00e4hlt werden.<\/li>\n<li>Die Mauer wird in mehreren Lagen errichtet, da ansonsten ihr zunehmendes Eigengewicht den M\u00f6rtel aus den unteren Lagen dr\u00fcckt, oder sie sogar in Teilen einst\u00fcrzt.<\/li>\n<li>Den M\u00f6rtel nicht zu feucht ansetzen. Mit etwas trockenerem M\u00f6rtel kann besser gemauert werden.<\/li>\n<li>Die Steine sollten nach oben mit einer waagrechten oder nach innen abfallenden Seite abschlie\u00dfen. Hierdurch wird das Aufbringen der n\u00e4chsten Lage wesentlich vereinfacht. Auf eine nach au\u00dfen abfallende Seite kann der n\u00e4chste Stein nur schwer aufgebracht werden.<\/li>\n<li>Jeder Stein wird vor dem Einsetzten mit Wasser von Dreck und Staub befreit. Der Stein sollte beim Verbauen feucht aber nicht mehr klatschnass sein.<\/li>\n<li>Nach jeder Lage werden die Steine mit einem feuchten Schwamm vom Zementschleier befreit. Wird die Mauer nicht w\u00e4hrend des Baus sauber gehalten bleibt nur noch das Ab\u00e4tzen mit Salzs\u00e4ure am Ende.<\/li>\n<li>Beim Reinigen der Steine mit einem feuchten Schwamm ist darauf zu achten, dass nicht zu viel Zement aus den Fugen ausgewaschen wird. Dies f\u00fchrt sonst zu einer unn\u00f6tigen Schw\u00e4chung der Fugen.<\/li>\n<li>Vor dem Aufbringen der n\u00e4chsten Lage wird der Untergrund (darunter liegende Lage) mit einem Quastpinsel gut angefeuchtet.<\/li>\n<li>F\u00fcr den Abschluss der Mauer kann man Platten oder Steine mit flachen Seiten verwenden, sofern davon gen\u00fcgend vorhanden sind.<\/li>\n<li>An sehr hei\u00dfen Tagen empfiehlt es sich nur in den k\u00fchlen Morgenstunden zu Mauern und anschlie\u00dfend das Bauwerk mit einer Plane abzudecken. Hierdurch wird das zu schnelle Austrocknen des M\u00f6rtels verhindert, was zu einer verminderten Haftung am Stein f\u00fchrt.<\/li>\n<li>An Tagen mit Nachtfrost ist die Mauer ebenfalls mit einer Plane abzudecken um Frostsch\u00e4den vorzubeugen.<\/li>\n<\/ul>\n<p style=\"text-align: center;\"><a href=\"https:\/\/gartenbau.clone-it.de\/wpb367\/wp-content\/uploads\/2011\/12\/bmt-12-2009-04b.jpg\"><img loading=\"lazy\" decoding=\"async\" class=\"aligncenter size-full wp-image-1685\" title=\"bmt-12-2009-04b\" src=\"https:\/\/gartenbau.clone-it.de\/wpb367\/wp-content\/uploads\/2011\/12\/bmt-12-2009-04b.jpg\" alt=\"\" width=\"620\" height=\"431\" srcset=\"https:\/\/gartenbau.clone-it.de\/wpb367\/wp-content\/uploads\/2011\/12\/bmt-12-2009-04b.jpg 620w, https:\/\/gartenbau.clone-it.de\/wpb367\/wp-content\/uploads\/2011\/12\/bmt-12-2009-04b-300x208.jpg 300w\" sizes=\"auto, (max-width: 620px) 100vw, 620px\" \/><\/a><\/p>\n<p><strong>Projekte zum Thema Bruchsteinmauer:<\/strong><\/p>\n<ul>\n<li><a title=\"Freistehende Bruchsteinmauer zur Einfassung der Terrasse\" href=\"https:\/\/gartenbau.clone-it.de\/wpb367\/index.php\/2011\/12\/28\/freistehende-bruchsteinmauer-zur-einfassung-der-terrasse\/\">Freistehende Bruchsteinmauer zur Einfassung der Terrasse<\/a><\/li>\n<li><a title=\"Bau einer Bruchsteinmauer als Abgrenzung zur Strasse\" href=\"https:\/\/gartenbau.clone-it.de\/wpb367\/index.php\/2012\/05\/25\/bau-einer-bruchsteinmauer-als-abgrenzung-zur-strasse-2\/\">Bau einer Bruchsteinmauer als Abgrenzung zur Stra\u00dfe<\/a><\/li>\n<li><a title=\"Anlage eines Bauerngartens mit Hochbeeten und Wegen\" href=\"https:\/\/gartenbau.clone-it.de\/wpb367\/index.php\/2012\/10\/26\/anlage-eines-bauerngartens-mit-hochbeeten-und-wegen\/\">Anlage eines Bauerngartens mit Hochbeeten und Wegen<\/a><\/li>\n<\/ul>\n<p style=\"text-align: center;\">\n<div class=\"shariff shariff-align-flex-start shariff-widget-align-flex-start\" data-services=\"facebook\" data-url=\"https%3A%2F%2Fgartenbau.clone-it.de%2Fwpb367%2Findex.php%2Ftipps%2Fleitfaden-beim-bau-von-bruchsteinmauern%2F\" data-timestamp=\"1669922011\" data-hidezero=\"1\" data-backendurl=\"https:\/\/gartenbau.clone-it.de\/wpb367\/wp-json\/shariff\/v1\/share_counts?\"><div class=\"ShariffHeadline\">Diesen Beitrag teilen<\/div><ul class=\"shariff-buttons theme-color orientation-horizontal buttonsize-small\"><li class=\"shariff-button facebook shariff-nocustomcolor\" style=\"background-color:#4273c8\"><a href=\"https:\/\/www.facebook.com\/sharer\/sharer.php?u=https%3A%2F%2Fgartenbau.clone-it.de%2Fwpb367%2Findex.php%2Ftipps%2Fleitfaden-beim-bau-von-bruchsteinmauern%2F\" title=\"Bei Facebook teilen\" aria-label=\"Bei Facebook teilen\" role=\"button\" rel=\"nofollow\" class=\"shariff-link\" style=\"; background-color:#3b5998; color:#fff\" target=\"_blank\"><span class=\"shariff-icon\" style=\"\"><svg width=\"32px\" height=\"20px\" xmlns=\"http:\/\/www.w3.org\/2000\/svg\" viewBox=\"0 0 18 32\"><path fill=\"#3b5998\" d=\"M17.1 0.2v4.7h-2.8q-1.5 0-2.1 0.6t-0.5 1.9v3.4h5.2l-0.7 5.3h-4.5v13.6h-5.5v-13.6h-4.5v-5.3h4.5v-3.9q0-3.3 1.9-5.2t5-1.8q2.6 0 4.1 0.2z\"\/><\/svg><\/span><span class=\"shariff-text\">teilen<\/span>&nbsp;<span data-service=\"facebook\" style=\"color:#3b5998\" class=\"shariff-count shariff-hidezero\"><\/span>&nbsp;<\/a><\/li><li class=\"shariff-button whatsapp shariff-nocustomcolor\" style=\"background-color:#5cbe4a\"><a href=\"https:\/\/api.whatsapp.com\/send?text=https%3A%2F%2Fgartenbau.clone-it.de%2Fwpb367%2Findex.php%2Ftipps%2Fleitfaden-beim-bau-von-bruchsteinmauern%2F%20Leitfaden%20beim%20Bau%20von%20Bruchsteinmauern\" title=\"Bei Whatsapp teilen\" aria-label=\"Bei Whatsapp teilen\" role=\"button\" rel=\"noopener nofollow\" class=\"shariff-link\" style=\"; background-color:#34af23; color:#fff\" target=\"_blank\"><span class=\"shariff-icon\" style=\"\"><svg width=\"32px\" height=\"20px\" xmlns=\"http:\/\/www.w3.org\/2000\/svg\" viewBox=\"0 0 32 32\"><path fill=\"#34af23\" d=\"M17.6 17.4q0.2 0 1.7 0.8t1.6 0.9q0 0.1 0 0.3 0 0.6-0.3 1.4-0.3 0.7-1.3 1.2t-1.8 0.5q-1 0-3.4-1.1-1.7-0.8-3-2.1t-2.6-3.3q-1.3-1.9-1.3-3.5v-0.1q0.1-1.6 1.3-2.8 0.4-0.4 0.9-0.4 0.1 0 0.3 0t0.3 0q0.3 0 0.5 0.1t0.3 0.5q0.1 0.4 0.6 1.6t0.4 1.3q0 0.4-0.6 1t-0.6 0.8q0 0.1 0.1 0.3 0.6 1.3 1.8 2.4 1 0.9 2.7 1.8 0.2 0.1 0.4 0.1 0.3 0 1-0.9t0.9-0.9zM14 26.9q2.3 0 4.3-0.9t3.6-2.4 2.4-3.6 0.9-4.3-0.9-4.3-2.4-3.6-3.6-2.4-4.3-0.9-4.3 0.9-3.6 2.4-2.4 3.6-0.9 4.3q0 3.6 2.1 6.6l-1.4 4.2 4.3-1.4q2.8 1.9 6.2 1.9zM14 2.2q2.7 0 5.2 1.1t4.3 2.9 2.9 4.3 1.1 5.2-1.1 5.2-2.9 4.3-4.3 2.9-5.2 1.1q-3.5 0-6.5-1.7l-7.4 2.4 2.4-7.2q-1.9-3.2-1.9-6.9 0-2.7 1.1-5.2t2.9-4.3 4.3-2.9 5.2-1.1z\"\/><\/svg><\/span><span class=\"shariff-text\">teilen<\/span>&nbsp;<\/a><\/li><li class=\"shariff-button threema shariff-nocustomcolor shariff-mobile\" style=\"background-color:#4fbc24\"><a href=\"threema:\/\/compose?text=Leitfaden%20beim%20Bau%20von%20Bruchsteinmauern%20https%3A%2F%2Fgartenbau.clone-it.de%2Fwpb367%2Findex.php%2Ftipps%2Fleitfaden-beim-bau-von-bruchsteinmauern%2F\" title=\"Bei Threema teilen\" aria-label=\"Bei Threema teilen\" role=\"button\" rel=\"noopener nofollow\" class=\"shariff-link\" style=\"; background-color:#1f1f1f; color:#fff\" target=\"_blank\"><span class=\"shariff-icon\" style=\"\"><svg width=\"32px\" height=\"20px\" xmlns=\"http:\/\/www.w3.org\/2000\/svg\" viewBox=\"0 0 32 32\"><path fill=\"#1f1f1f\" d=\"M30.8 10.9c-0.3-1.4-0.9-2.6-1.8-3.8-2-2.6-5.5-4.5-9.4-5.2-1.3-0.2-1.9-0.3-3.5-0.3s-2.2 0-3.5 0.3c-4 0.7-7.4 2.6-9.4 5.2-0.9 1.2-1.5 2.4-1.8 3.8-0.1 0.5-0.2 1.2-0.2 1.6 0 0.4 0.1 1.1 0.2 1.6 0.4 1.9 1.3 3.4 2.9 5 0.8 0.8 0.8 0.8 0.7 1.3 0 0.6-0.5 1.6-1.7 3.6-0.3 0.5-0.5 0.9-0.5 0.9 0 0.1 0.1 0.1 0.5 0 0.8-0.2 2.3-0.6 5.6-1.6 1.1-0.3 1.3-0.4 2.3-0.4 0.8 0 1.1 0 2.3 0.2 1.5 0.2 3.5 0.2 4.9 0 5.1-0.6 9.3-2.9 11.4-6.3 0.5-0.9 0.9-1.8 1.1-2.8 0.1-0.5 0.2-1.1 0.2-1.6 0-0.7-0.1-1.1-0.2-1.6-0.3-1.4 0.1 0.5 0 0zM20.6 17.3c0 0.4-0.4 0.8-0.8 0.8h-7.7c-0.4 0-0.8-0.4-0.8-0.8v-4.6c0-0.4 0.4-0.8 0.8-0.8h0.2l0-1.6c0-0.9 0-1.8 0.1-2 0.1-0.6 0.6-1.2 1.1-1.7s1.1-0.7 1.9-0.8c1.8-0.3 3.7 0.7 4.2 2.2 0.1 0.3 0.1 0.7 0.1 2.1v0 1.7h0.1c0.4 0 0.8 0.4 0.8 0.8v4.6zM15.6 7.3c-0.5 0.1-0.8 0.3-1.2 0.6s-0.6 0.8-0.7 1.3c0 0.2 0 0.8 0 1.5l0 1.2h4.6v-1.3c0-1 0-1.4-0.1-1.6-0.3-1.1-1.5-1.9-2.6-1.7zM25.8 28.2c0 1.2-1 2.2-2.1 2.2s-2.1-1-2.1-2.1c0-1.2 1-2.1 2.2-2.1s2.2 1 2.2 2.2zM18.1 28.2c0 1.2-1 2.2-2.1 2.2s-2.1-1-2.1-2.1c0-1.2 1-2.1 2.2-2.1s2.2 1 2.2 2.2zM10.4 28.2c0 1.2-1 2.2-2.1 2.2s-2.1-1-2.1-2.1c0-1.2 1-2.1 2.2-2.1s2.2 1 2.2 2.2z\"\/><\/svg><\/span><span class=\"shariff-text\">teilen<\/span>&nbsp;<\/a><\/li><\/ul><\/div>","protected":false},"excerpt":{"rendered":"<p>Eine Bruchsteinmauer ist eine aus mit M\u00f6rtel verklebten Bruchsteinen errichtete Mauer. Unter Bruchsteinen versteht man Steine, die direkt aus einem Steinbruch stammen ohne weiter bearbeitet worden zu sein. Beim Errichten von Bruchsteinmauern sollten nachstehende Regeln Beachtung finden: Bereits beim Aussortieren &hellip; <a href=\"https:\/\/gartenbau.clone-it.de\/wpb367\/index.php\/tipps\/leitfaden-beim-bau-von-bruchsteinmauern\/\">Weiterlesen <span class=\"meta-nav\">&rarr;<\/span><\/a><\/p>\n<div class=\"shariff shariff-align-flex-start shariff-widget-align-flex-start\" data-services=\"facebook\" data-url=\"https%3A%2F%2Fgartenbau.clone-it.de%2Fwpb367%2Findex.php%2Ftipps%2Fleitfaden-beim-bau-von-bruchsteinmauern%2F\" data-timestamp=\"1669922011\" data-hidezero=\"1\" data-backendurl=\"https:\/\/gartenbau.clone-it.de\/wpb367\/wp-json\/shariff\/v1\/share_counts?\"><div class=\"ShariffHeadline\">Diesen Beitrag teilen<\/div><ul class=\"shariff-buttons theme-color orientation-horizontal buttonsize-small\"><li class=\"shariff-button facebook shariff-nocustomcolor\" style=\"background-color:#4273c8\"><a href=\"https:\/\/www.facebook.com\/sharer\/sharer.php?u=https%3A%2F%2Fgartenbau.clone-it.de%2Fwpb367%2Findex.php%2Ftipps%2Fleitfaden-beim-bau-von-bruchsteinmauern%2F\" title=\"Bei Facebook teilen\" aria-label=\"Bei Facebook teilen\" role=\"button\" rel=\"nofollow\" class=\"shariff-link\" style=\"; background-color:#3b5998; color:#fff\" target=\"_blank\"><span class=\"shariff-icon\" style=\"\"><svg width=\"32px\" height=\"20px\" xmlns=\"http:\/\/www.w3.org\/2000\/svg\" viewBox=\"0 0 18 32\"><path fill=\"#3b5998\" d=\"M17.1 0.2v4.7h-2.8q-1.5 0-2.1 0.6t-0.5 1.9v3.4h5.2l-0.7 5.3h-4.5v13.6h-5.5v-13.6h-4.5v-5.3h4.5v-3.9q0-3.3 1.9-5.2t5-1.8q2.6 0 4.1 0.2z\"\/><\/svg><\/span><span class=\"shariff-text\">teilen<\/span>&nbsp;<span data-service=\"facebook\" style=\"color:#3b5998\" class=\"shariff-count shariff-hidezero\"><\/span>&nbsp;<\/a><\/li><li class=\"shariff-button whatsapp shariff-nocustomcolor\" style=\"background-color:#5cbe4a\"><a href=\"https:\/\/api.whatsapp.com\/send?text=https%3A%2F%2Fgartenbau.clone-it.de%2Fwpb367%2Findex.php%2Ftipps%2Fleitfaden-beim-bau-von-bruchsteinmauern%2F%20Leitfaden%20beim%20Bau%20von%20Bruchsteinmauern\" title=\"Bei Whatsapp teilen\" aria-label=\"Bei Whatsapp teilen\" role=\"button\" rel=\"noopener nofollow\" class=\"shariff-link\" style=\"; background-color:#34af23; color:#fff\" target=\"_blank\"><span class=\"shariff-icon\" style=\"\"><svg width=\"32px\" height=\"20px\" xmlns=\"http:\/\/www.w3.org\/2000\/svg\" viewBox=\"0 0 32 32\"><path fill=\"#34af23\" d=\"M17.6 17.4q0.2 0 1.7 0.8t1.6 0.9q0 0.1 0 0.3 0 0.6-0.3 1.4-0.3 0.7-1.3 1.2t-1.8 0.5q-1 0-3.4-1.1-1.7-0.8-3-2.1t-2.6-3.3q-1.3-1.9-1.3-3.5v-0.1q0.1-1.6 1.3-2.8 0.4-0.4 0.9-0.4 0.1 0 0.3 0t0.3 0q0.3 0 0.5 0.1t0.3 0.5q0.1 0.4 0.6 1.6t0.4 1.3q0 0.4-0.6 1t-0.6 0.8q0 0.1 0.1 0.3 0.6 1.3 1.8 2.4 1 0.9 2.7 1.8 0.2 0.1 0.4 0.1 0.3 0 1-0.9t0.9-0.9zM14 26.9q2.3 0 4.3-0.9t3.6-2.4 2.4-3.6 0.9-4.3-0.9-4.3-2.4-3.6-3.6-2.4-4.3-0.9-4.3 0.9-3.6 2.4-2.4 3.6-0.9 4.3q0 3.6 2.1 6.6l-1.4 4.2 4.3-1.4q2.8 1.9 6.2 1.9zM14 2.2q2.7 0 5.2 1.1t4.3 2.9 2.9 4.3 1.1 5.2-1.1 5.2-2.9 4.3-4.3 2.9-5.2 1.1q-3.5 0-6.5-1.7l-7.4 2.4 2.4-7.2q-1.9-3.2-1.9-6.9 0-2.7 1.1-5.2t2.9-4.3 4.3-2.9 5.2-1.1z\"\/><\/svg><\/span><span class=\"shariff-text\">teilen<\/span>&nbsp;<\/a><\/li><li class=\"shariff-button threema shariff-nocustomcolor shariff-mobile\" style=\"background-color:#4fbc24\"><a href=\"threema:\/\/compose?text=Leitfaden%20beim%20Bau%20von%20Bruchsteinmauern%20https%3A%2F%2Fgartenbau.clone-it.de%2Fwpb367%2Findex.php%2Ftipps%2Fleitfaden-beim-bau-von-bruchsteinmauern%2F\" title=\"Bei Threema teilen\" aria-label=\"Bei Threema teilen\" role=\"button\" rel=\"noopener nofollow\" class=\"shariff-link\" style=\"; background-color:#1f1f1f; color:#fff\" target=\"_blank\"><span class=\"shariff-icon\" style=\"\"><svg width=\"32px\" height=\"20px\" xmlns=\"http:\/\/www.w3.org\/2000\/svg\" viewBox=\"0 0 32 32\"><path fill=\"#1f1f1f\" d=\"M30.8 10.9c-0.3-1.4-0.9-2.6-1.8-3.8-2-2.6-5.5-4.5-9.4-5.2-1.3-0.2-1.9-0.3-3.5-0.3s-2.2 0-3.5 0.3c-4 0.7-7.4 2.6-9.4 5.2-0.9 1.2-1.5 2.4-1.8 3.8-0.1 0.5-0.2 1.2-0.2 1.6 0 0.4 0.1 1.1 0.2 1.6 0.4 1.9 1.3 3.4 2.9 5 0.8 0.8 0.8 0.8 0.7 1.3 0 0.6-0.5 1.6-1.7 3.6-0.3 0.5-0.5 0.9-0.5 0.9 0 0.1 0.1 0.1 0.5 0 0.8-0.2 2.3-0.6 5.6-1.6 1.1-0.3 1.3-0.4 2.3-0.4 0.8 0 1.1 0 2.3 0.2 1.5 0.2 3.5 0.2 4.9 0 5.1-0.6 9.3-2.9 11.4-6.3 0.5-0.9 0.9-1.8 1.1-2.8 0.1-0.5 0.2-1.1 0.2-1.6 0-0.7-0.1-1.1-0.2-1.6-0.3-1.4 0.1 0.5 0 0zM20.6 17.3c0 0.4-0.4 0.8-0.8 0.8h-7.7c-0.4 0-0.8-0.4-0.8-0.8v-4.6c0-0.4 0.4-0.8 0.8-0.8h0.2l0-1.6c0-0.9 0-1.8 0.1-2 0.1-0.6 0.6-1.2 1.1-1.7s1.1-0.7 1.9-0.8c1.8-0.3 3.7 0.7 4.2 2.2 0.1 0.3 0.1 0.7 0.1 2.1v0 1.7h0.1c0.4 0 0.8 0.4 0.8 0.8v4.6zM15.6 7.3c-0.5 0.1-0.8 0.3-1.2 0.6s-0.6 0.8-0.7 1.3c0 0.2 0 0.8 0 1.5l0 1.2h4.6v-1.3c0-1 0-1.4-0.1-1.6-0.3-1.1-1.5-1.9-2.6-1.7zM25.8 28.2c0 1.2-1 2.2-2.1 2.2s-2.1-1-2.1-2.1c0-1.2 1-2.1 2.2-2.1s2.2 1 2.2 2.2zM18.1 28.2c0 1.2-1 2.2-2.1 2.2s-2.1-1-2.1-2.1c0-1.2 1-2.1 2.2-2.1s2.2 1 2.2 2.2zM10.4 28.2c0 1.2-1 2.2-2.1 2.2s-2.1-1-2.1-2.1c0-1.2 1-2.1 2.2-2.1s2.2 1 2.2 2.2z\"\/><\/svg><\/span><span class=\"shariff-text\">teilen<\/span>&nbsp;<\/a><\/li><\/ul><\/div>","protected":false},"author":4,"featured_media":0,"parent":71,"menu_order":2,"comment_status":"closed","ping_status":"open","template":"","meta":{"footnotes":""},"class_list":["post-213","page","type-page","status-publish","hentry"],"_links":{"self":[{"href":"https:\/\/gartenbau.clone-it.de\/wpb367\/index.php\/wp-json\/wp\/v2\/pages\/213","targetHints":{"allow":["GET"]}}],"collection":[{"href":"https:\/\/gartenbau.clone-it.de\/wpb367\/index.php\/wp-json\/wp\/v2\/pages"}],"about":[{"href":"https:\/\/gartenbau.clone-it.de\/wpb367\/index.php\/wp-json\/wp\/v2\/types\/page"}],"author":[{"embeddable":true,"href":"https:\/\/gartenbau.clone-it.de\/wpb367\/index.php\/wp-json\/wp\/v2\/users\/4"}],"replies":[{"embeddable":true,"href":"https:\/\/gartenbau.clone-it.de\/wpb367\/index.php\/wp-json\/wp\/v2\/comments?post=213"}],"version-history":[{"count":32,"href":"https:\/\/gartenbau.clone-it.de\/wpb367\/index.php\/wp-json\/wp\/v2\/pages\/213\/revisions"}],"predecessor-version":[{"id":4268,"href":"https:\/\/gartenbau.clone-it.de\/wpb367\/index.php\/wp-json\/wp\/v2\/pages\/213\/revisions\/4268"}],"up":[{"embeddable":true,"href":"https:\/\/gartenbau.clone-it.de\/wpb367\/index.php\/wp-json\/wp\/v2\/pages\/71"}],"wp:attachment":[{"href":"https:\/\/gartenbau.clone-it.de\/wpb367\/index.php\/wp-json\/wp\/v2\/media?parent=213"}],"curies":[{"name":"wp","href":"https:\/\/api.w.org\/{rel}","templated":true}]}}