{"id":2,"date":"2011-12-15T17:14:06","date_gmt":"2011-12-15T17:14:06","guid":{"rendered":"http:\/\/10.32.0.211\/wpb367\/?page_id=2"},"modified":"2022-12-01T19:12:17","modified_gmt":"2022-12-01T19:12:17","slug":"motivation","status":"publish","type":"page","link":"https:\/\/gartenbau.clone-it.de\/wpb367\/index.php\/motivation\/","title":{"rendered":"Motivation"},"content":{"rendered":"<p style=\"text-align: justify;\">Im November 2006 haben auch wir uns in das Abenteuer Hausbau gest\u00fcrzt. Das ist aber eine ganz andere Geschichte&#8230;<\/p>\n<p style=\"text-align: justify;\">Nachdem unser Haus und der Innenausbau fertiggestellt waren, standen wir vor der n\u00e4chsten total untersch\u00e4tzten Aufgabe, der Gartengestaltung. Mit dieser Aufgabe begannen wir uns im Winter 2008\/2009 zu besch\u00e4ftigen.<\/p>\n<p style=\"text-align: justify;\">Anfangs sahen wir hier eine Aufgabenstellung, die sich nur mit professioneller Hilfe bew\u00e4ltigen lassen w\u00fcrde. So luden wir einen Gartenbauer ein, der uns ein Angebot f\u00fcr die verschiedenen Gewerke erstellen sollte. Wir deuteten bereits damals schon an, dass wir das ein oder andere Gewerk in eigener Regie durchf\u00fchren wollen oder aber mithelfen m\u00f6chten. -Das war wohl unser erster &#8222;<em>Fehler<\/em>&#8220; auf dem Weg in die Selbst\u00e4ndigkeit. Wir konnten noch einen Restposten Muschelkalksteine f\u00fcr unser erstes Vorhaben (<a title=\"Lichtschacht Tageslichtfenster mit Muschelkalksteinen abst\u00fctzen\" href=\"https:\/\/gartenbau.clone-it.de\/wpb367\/index.php\/2011\/12\/16\/lichtschacht-tageslichtfenster-mit-muschelkalksteinen-abstutzen\/\">Lichtschacht Tageslichtfenster mit Muschelkalksteinen abst\u00fctzen<\/a>) beziehen und haben danach nichts mehr von besagtem Gartenbauer geh\u00f6rt&#8230;<\/p>\n<p style=\"text-align: justify;\">Bei anderen Vorhaben waren es die immens hohen Materialkosten, die uns nach Alternativen suchen lie\u00dfen und uns erneut in die Selbst\u00e4ndigkeit f\u00fchrten. So z.B. bei der Terrassenmauer, die wir eingangs mit Betonfertigsteinen bauen wollten. Letztendlich entstand eine optisch sehr sch\u00f6ne und wesentlich g\u00fcnstigere <a title=\"Freistehende Bruchsteinmauer zur Einfassung der Terrasse\" href=\"https:\/\/gartenbau.clone-it.de\/wpb367\/index.php\/2011\/12\/28\/freistehende-bruchsteinmauer-zur-einfassung-der-terrasse\/\">Bruchsteinmauer<\/a>.<\/p>\n<p style=\"text-align: justify;\">Manchmal waren es aber auch unsere flei\u00dfigen Mitbewohner im Neubaugebiet, die uns mit Rat und Tat zur Seite standen und uns z.B. ermutigten die gesamte <a title=\"Einfriedung mit Kant- und L-Steinen\" href=\"https:\/\/gartenbau.clone-it.de\/wpb367\/index.php\/2012\/01\/09\/einfriedung-mit-kant-und-l-steinen\/\">Einfriedung<\/a> in eigener Regie durchzuf\u00fchren. Hierbei setzten wir einen Minibagger ein. Der Umgang mit einer solchen Maschine ist schnell erlernt und es wird wohl jedem Mann Spa\u00df machen, einen Minibagger selbst zu steuern ;-).<\/p>\n<p style=\"text-align: justify;\">In anderen Bereichen setzten wir nur die Fundamente und lie\u00dfen die Aufbauten (Carport, Gartenh\u00fctte und Holzunterstand) von fachlich versierten Zimmerleuten vorfertigen. So waren wir erst wieder beim Aufbau gefordert.<\/p>\n<p style=\"text-align: justify;\">Die selber organisierte Anlage eines Gartens muss einem Spa\u00df und Freude bereiten. Kann man nicht dauerhaft auf einige Helfer zugreifen und f\u00fchrt man die Arbeiten mehr oder weniger alleine durch, sollte man schon einiges an Zeit einplanen. Die einzelnen Gewerke in unserem Garten sind auch hinsichtlich der Dauer der Arbeiten dokumentiert. So kann der Leser selbst entscheiden, ob die Aufgabe realistisch in einem gesetzten Zeitraum umgesetzt werden kann.<\/p>\n<p style=\"text-align: justify;\">Auch sollte man sich bei k\u00f6rperlich schweren Arbeiten nicht zu viel auf einmal zumuten. Folge k\u00f6nnen \u00dcberlastungen in H\u00e4nden, Knien und R\u00fccken sein. Vielmehr sollte man die T\u00e4tigkeit als sportlichen Ausgleich zum oft sitzend verbrachten Alltag sehen. Daher lieber etwas weniger und daf\u00fcr regelm\u00e4\u00dfiger Arbeiten, um auch einen gewissen Trainingseffekt zu erzielen.<\/p>\n<p style=\"text-align: justify;\">Wie wahrscheinlich jeder Blogger w\u00fcrde auch ich mich \u00fcber Kommentare sehr freuen. Viel Spa\u00df beim Lesen und Kommentieren, w\u00fcnscht<\/p>\n<p>Norbert R\u00f6stel<\/p>\n<div class=\"shariff shariff-align-flex-start shariff-widget-align-flex-start\" data-services=\"facebook\" data-url=\"https%3A%2F%2Fgartenbau.clone-it.de%2Fwpb367%2Findex.php%2Fmotivation%2F\" data-timestamp=\"1669921937\" data-hidezero=\"1\" data-backendurl=\"https:\/\/gartenbau.clone-it.de\/wpb367\/wp-json\/shariff\/v1\/share_counts?\"><div class=\"ShariffHeadline\">Diesen Beitrag teilen<\/div><ul class=\"shariff-buttons theme-color orientation-horizontal buttonsize-small\"><li class=\"shariff-button facebook shariff-nocustomcolor\" style=\"background-color:#4273c8\"><a href=\"https:\/\/www.facebook.com\/sharer\/sharer.php?u=https%3A%2F%2Fgartenbau.clone-it.de%2Fwpb367%2Findex.php%2Fmotivation%2F\" title=\"Bei Facebook teilen\" aria-label=\"Bei Facebook teilen\" role=\"button\" rel=\"nofollow\" class=\"shariff-link\" style=\"; background-color:#3b5998; color:#fff\" target=\"_blank\"><span class=\"shariff-icon\" style=\"\"><svg width=\"32px\" height=\"20px\" xmlns=\"http:\/\/www.w3.org\/2000\/svg\" viewBox=\"0 0 18 32\"><path fill=\"#3b5998\" d=\"M17.1 0.2v4.7h-2.8q-1.5 0-2.1 0.6t-0.5 1.9v3.4h5.2l-0.7 5.3h-4.5v13.6h-5.5v-13.6h-4.5v-5.3h4.5v-3.9q0-3.3 1.9-5.2t5-1.8q2.6 0 4.1 0.2z\"\/><\/svg><\/span><span class=\"shariff-text\">teilen<\/span>&nbsp;<span data-service=\"facebook\" style=\"color:#3b5998\" class=\"shariff-count shariff-hidezero\"><\/span>&nbsp;<\/a><\/li><li class=\"shariff-button whatsapp shariff-nocustomcolor\" style=\"background-color:#5cbe4a\"><a href=\"https:\/\/api.whatsapp.com\/send?text=https%3A%2F%2Fgartenbau.clone-it.de%2Fwpb367%2Findex.php%2Fmotivation%2F%20Motivation\" title=\"Bei Whatsapp teilen\" aria-label=\"Bei Whatsapp teilen\" role=\"button\" rel=\"noopener nofollow\" class=\"shariff-link\" style=\"; background-color:#34af23; color:#fff\" target=\"_blank\"><span class=\"shariff-icon\" style=\"\"><svg width=\"32px\" height=\"20px\" xmlns=\"http:\/\/www.w3.org\/2000\/svg\" viewBox=\"0 0 32 32\"><path fill=\"#34af23\" d=\"M17.6 17.4q0.2 0 1.7 0.8t1.6 0.9q0 0.1 0 0.3 0 0.6-0.3 1.4-0.3 0.7-1.3 1.2t-1.8 0.5q-1 0-3.4-1.1-1.7-0.8-3-2.1t-2.6-3.3q-1.3-1.9-1.3-3.5v-0.1q0.1-1.6 1.3-2.8 0.4-0.4 0.9-0.4 0.1 0 0.3 0t0.3 0q0.3 0 0.5 0.1t0.3 0.5q0.1 0.4 0.6 1.6t0.4 1.3q0 0.4-0.6 1t-0.6 0.8q0 0.1 0.1 0.3 0.6 1.3 1.8 2.4 1 0.9 2.7 1.8 0.2 0.1 0.4 0.1 0.3 0 1-0.9t0.9-0.9zM14 26.9q2.3 0 4.3-0.9t3.6-2.4 2.4-3.6 0.9-4.3-0.9-4.3-2.4-3.6-3.6-2.4-4.3-0.9-4.3 0.9-3.6 2.4-2.4 3.6-0.9 4.3q0 3.6 2.1 6.6l-1.4 4.2 4.3-1.4q2.8 1.9 6.2 1.9zM14 2.2q2.7 0 5.2 1.1t4.3 2.9 2.9 4.3 1.1 5.2-1.1 5.2-2.9 4.3-4.3 2.9-5.2 1.1q-3.5 0-6.5-1.7l-7.4 2.4 2.4-7.2q-1.9-3.2-1.9-6.9 0-2.7 1.1-5.2t2.9-4.3 4.3-2.9 5.2-1.1z\"\/><\/svg><\/span><span class=\"shariff-text\">teilen<\/span>&nbsp;<\/a><\/li><li class=\"shariff-button threema shariff-nocustomcolor shariff-mobile\" style=\"background-color:#4fbc24\"><a href=\"threema:\/\/compose?text=Motivation%20https%3A%2F%2Fgartenbau.clone-it.de%2Fwpb367%2Findex.php%2Fmotivation%2F\" title=\"Bei Threema teilen\" aria-label=\"Bei Threema teilen\" role=\"button\" rel=\"noopener nofollow\" class=\"shariff-link\" style=\"; background-color:#1f1f1f; color:#fff\" target=\"_blank\"><span class=\"shariff-icon\" style=\"\"><svg width=\"32px\" height=\"20px\" xmlns=\"http:\/\/www.w3.org\/2000\/svg\" viewBox=\"0 0 32 32\"><path fill=\"#1f1f1f\" d=\"M30.8 10.9c-0.3-1.4-0.9-2.6-1.8-3.8-2-2.6-5.5-4.5-9.4-5.2-1.3-0.2-1.9-0.3-3.5-0.3s-2.2 0-3.5 0.3c-4 0.7-7.4 2.6-9.4 5.2-0.9 1.2-1.5 2.4-1.8 3.8-0.1 0.5-0.2 1.2-0.2 1.6 0 0.4 0.1 1.1 0.2 1.6 0.4 1.9 1.3 3.4 2.9 5 0.8 0.8 0.8 0.8 0.7 1.3 0 0.6-0.5 1.6-1.7 3.6-0.3 0.5-0.5 0.9-0.5 0.9 0 0.1 0.1 0.1 0.5 0 0.8-0.2 2.3-0.6 5.6-1.6 1.1-0.3 1.3-0.4 2.3-0.4 0.8 0 1.1 0 2.3 0.2 1.5 0.2 3.5 0.2 4.9 0 5.1-0.6 9.3-2.9 11.4-6.3 0.5-0.9 0.9-1.8 1.1-2.8 0.1-0.5 0.2-1.1 0.2-1.6 0-0.7-0.1-1.1-0.2-1.6-0.3-1.4 0.1 0.5 0 0zM20.6 17.3c0 0.4-0.4 0.8-0.8 0.8h-7.7c-0.4 0-0.8-0.4-0.8-0.8v-4.6c0-0.4 0.4-0.8 0.8-0.8h0.2l0-1.6c0-0.9 0-1.8 0.1-2 0.1-0.6 0.6-1.2 1.1-1.7s1.1-0.7 1.9-0.8c1.8-0.3 3.7 0.7 4.2 2.2 0.1 0.3 0.1 0.7 0.1 2.1v0 1.7h0.1c0.4 0 0.8 0.4 0.8 0.8v4.6zM15.6 7.3c-0.5 0.1-0.8 0.3-1.2 0.6s-0.6 0.8-0.7 1.3c0 0.2 0 0.8 0 1.5l0 1.2h4.6v-1.3c0-1 0-1.4-0.1-1.6-0.3-1.1-1.5-1.9-2.6-1.7zM25.8 28.2c0 1.2-1 2.2-2.1 2.2s-2.1-1-2.1-2.1c0-1.2 1-2.1 2.2-2.1s2.2 1 2.2 2.2zM18.1 28.2c0 1.2-1 2.2-2.1 2.2s-2.1-1-2.1-2.1c0-1.2 1-2.1 2.2-2.1s2.2 1 2.2 2.2zM10.4 28.2c0 1.2-1 2.2-2.1 2.2s-2.1-1-2.1-2.1c0-1.2 1-2.1 2.2-2.1s2.2 1 2.2 2.2z\"\/><\/svg><\/span><span class=\"shariff-text\">teilen<\/span>&nbsp;<\/a><\/li><\/ul><\/div>","protected":false},"excerpt":{"rendered":"<p>Im November 2006 haben auch wir uns in das Abenteuer Hausbau gest\u00fcrzt. Das ist aber eine ganz andere Geschichte&#8230; Nachdem unser Haus und der Innenausbau fertiggestellt waren, standen wir vor der n\u00e4chsten total untersch\u00e4tzten Aufgabe, der Gartengestaltung. Mit dieser Aufgabe &hellip; <a href=\"https:\/\/gartenbau.clone-it.de\/wpb367\/index.php\/motivation\/\">Weiterlesen <span class=\"meta-nav\">&rarr;<\/span><\/a><\/p>\n<div class=\"shariff shariff-align-flex-start shariff-widget-align-flex-start\" data-services=\"facebook\" data-url=\"https%3A%2F%2Fgartenbau.clone-it.de%2Fwpb367%2Findex.php%2Fmotivation%2F\" data-timestamp=\"1669921937\" data-hidezero=\"1\" data-backendurl=\"https:\/\/gartenbau.clone-it.de\/wpb367\/wp-json\/shariff\/v1\/share_counts?\"><div class=\"ShariffHeadline\">Diesen Beitrag teilen<\/div><ul class=\"shariff-buttons theme-color orientation-horizontal buttonsize-small\"><li class=\"shariff-button facebook shariff-nocustomcolor\" style=\"background-color:#4273c8\"><a href=\"https:\/\/www.facebook.com\/sharer\/sharer.php?u=https%3A%2F%2Fgartenbau.clone-it.de%2Fwpb367%2Findex.php%2Fmotivation%2F\" title=\"Bei Facebook teilen\" aria-label=\"Bei Facebook teilen\" role=\"button\" rel=\"nofollow\" class=\"shariff-link\" style=\"; background-color:#3b5998; color:#fff\" target=\"_blank\"><span class=\"shariff-icon\" style=\"\"><svg width=\"32px\" height=\"20px\" xmlns=\"http:\/\/www.w3.org\/2000\/svg\" viewBox=\"0 0 18 32\"><path fill=\"#3b5998\" d=\"M17.1 0.2v4.7h-2.8q-1.5 0-2.1 0.6t-0.5 1.9v3.4h5.2l-0.7 5.3h-4.5v13.6h-5.5v-13.6h-4.5v-5.3h4.5v-3.9q0-3.3 1.9-5.2t5-1.8q2.6 0 4.1 0.2z\"\/><\/svg><\/span><span class=\"shariff-text\">teilen<\/span>&nbsp;<span data-service=\"facebook\" style=\"color:#3b5998\" class=\"shariff-count shariff-hidezero\"><\/span>&nbsp;<\/a><\/li><li class=\"shariff-button whatsapp shariff-nocustomcolor\" style=\"background-color:#5cbe4a\"><a href=\"https:\/\/api.whatsapp.com\/send?text=https%3A%2F%2Fgartenbau.clone-it.de%2Fwpb367%2Findex.php%2Fmotivation%2F%20Motivation\" title=\"Bei Whatsapp teilen\" aria-label=\"Bei Whatsapp teilen\" role=\"button\" rel=\"noopener nofollow\" class=\"shariff-link\" style=\"; background-color:#34af23; color:#fff\" target=\"_blank\"><span class=\"shariff-icon\" style=\"\"><svg width=\"32px\" height=\"20px\" xmlns=\"http:\/\/www.w3.org\/2000\/svg\" viewBox=\"0 0 32 32\"><path fill=\"#34af23\" d=\"M17.6 17.4q0.2 0 1.7 0.8t1.6 0.9q0 0.1 0 0.3 0 0.6-0.3 1.4-0.3 0.7-1.3 1.2t-1.8 0.5q-1 0-3.4-1.1-1.7-0.8-3-2.1t-2.6-3.3q-1.3-1.9-1.3-3.5v-0.1q0.1-1.6 1.3-2.8 0.4-0.4 0.9-0.4 0.1 0 0.3 0t0.3 0q0.3 0 0.5 0.1t0.3 0.5q0.1 0.4 0.6 1.6t0.4 1.3q0 0.4-0.6 1t-0.6 0.8q0 0.1 0.1 0.3 0.6 1.3 1.8 2.4 1 0.9 2.7 1.8 0.2 0.1 0.4 0.1 0.3 0 1-0.9t0.9-0.9zM14 26.9q2.3 0 4.3-0.9t3.6-2.4 2.4-3.6 0.9-4.3-0.9-4.3-2.4-3.6-3.6-2.4-4.3-0.9-4.3 0.9-3.6 2.4-2.4 3.6-0.9 4.3q0 3.6 2.1 6.6l-1.4 4.2 4.3-1.4q2.8 1.9 6.2 1.9zM14 2.2q2.7 0 5.2 1.1t4.3 2.9 2.9 4.3 1.1 5.2-1.1 5.2-2.9 4.3-4.3 2.9-5.2 1.1q-3.5 0-6.5-1.7l-7.4 2.4 2.4-7.2q-1.9-3.2-1.9-6.9 0-2.7 1.1-5.2t2.9-4.3 4.3-2.9 5.2-1.1z\"\/><\/svg><\/span><span class=\"shariff-text\">teilen<\/span>&nbsp;<\/a><\/li><li class=\"shariff-button threema shariff-nocustomcolor shariff-mobile\" style=\"background-color:#4fbc24\"><a href=\"threema:\/\/compose?text=Motivation%20https%3A%2F%2Fgartenbau.clone-it.de%2Fwpb367%2Findex.php%2Fmotivation%2F\" title=\"Bei Threema teilen\" aria-label=\"Bei Threema teilen\" role=\"button\" rel=\"noopener nofollow\" class=\"shariff-link\" style=\"; background-color:#1f1f1f; color:#fff\" target=\"_blank\"><span class=\"shariff-icon\" style=\"\"><svg width=\"32px\" height=\"20px\" xmlns=\"http:\/\/www.w3.org\/2000\/svg\" viewBox=\"0 0 32 32\"><path fill=\"#1f1f1f\" d=\"M30.8 10.9c-0.3-1.4-0.9-2.6-1.8-3.8-2-2.6-5.5-4.5-9.4-5.2-1.3-0.2-1.9-0.3-3.5-0.3s-2.2 0-3.5 0.3c-4 0.7-7.4 2.6-9.4 5.2-0.9 1.2-1.5 2.4-1.8 3.8-0.1 0.5-0.2 1.2-0.2 1.6 0 0.4 0.1 1.1 0.2 1.6 0.4 1.9 1.3 3.4 2.9 5 0.8 0.8 0.8 0.8 0.7 1.3 0 0.6-0.5 1.6-1.7 3.6-0.3 0.5-0.5 0.9-0.5 0.9 0 0.1 0.1 0.1 0.5 0 0.8-0.2 2.3-0.6 5.6-1.6 1.1-0.3 1.3-0.4 2.3-0.4 0.8 0 1.1 0 2.3 0.2 1.5 0.2 3.5 0.2 4.9 0 5.1-0.6 9.3-2.9 11.4-6.3 0.5-0.9 0.9-1.8 1.1-2.8 0.1-0.5 0.2-1.1 0.2-1.6 0-0.7-0.1-1.1-0.2-1.6-0.3-1.4 0.1 0.5 0 0zM20.6 17.3c0 0.4-0.4 0.8-0.8 0.8h-7.7c-0.4 0-0.8-0.4-0.8-0.8v-4.6c0-0.4 0.4-0.8 0.8-0.8h0.2l0-1.6c0-0.9 0-1.8 0.1-2 0.1-0.6 0.6-1.2 1.1-1.7s1.1-0.7 1.9-0.8c1.8-0.3 3.7 0.7 4.2 2.2 0.1 0.3 0.1 0.7 0.1 2.1v0 1.7h0.1c0.4 0 0.8 0.4 0.8 0.8v4.6zM15.6 7.3c-0.5 0.1-0.8 0.3-1.2 0.6s-0.6 0.8-0.7 1.3c0 0.2 0 0.8 0 1.5l0 1.2h4.6v-1.3c0-1 0-1.4-0.1-1.6-0.3-1.1-1.5-1.9-2.6-1.7zM25.8 28.2c0 1.2-1 2.2-2.1 2.2s-2.1-1-2.1-2.1c0-1.2 1-2.1 2.2-2.1s2.2 1 2.2 2.2zM18.1 28.2c0 1.2-1 2.2-2.1 2.2s-2.1-1-2.1-2.1c0-1.2 1-2.1 2.2-2.1s2.2 1 2.2 2.2zM10.4 28.2c0 1.2-1 2.2-2.1 2.2s-2.1-1-2.1-2.1c0-1.2 1-2.1 2.2-2.1s2.2 1 2.2 2.2z\"\/><\/svg><\/span><span class=\"shariff-text\">teilen<\/span>&nbsp;<\/a><\/li><\/ul><\/div>","protected":false},"author":4,"featured_media":0,"parent":0,"menu_order":3,"comment_status":"closed","ping_status":"closed","template":"","meta":{"footnotes":""},"class_list":["post-2","page","type-page","status-publish","hentry"],"_links":{"self":[{"href":"https:\/\/gartenbau.clone-it.de\/wpb367\/index.php\/wp-json\/wp\/v2\/pages\/2","targetHints":{"allow":["GET"]}}],"collection":[{"href":"https:\/\/gartenbau.clone-it.de\/wpb367\/index.php\/wp-json\/wp\/v2\/pages"}],"about":[{"href":"https:\/\/gartenbau.clone-it.de\/wpb367\/index.php\/wp-json\/wp\/v2\/types\/page"}],"author":[{"embeddable":true,"href":"https:\/\/gartenbau.clone-it.de\/wpb367\/index.php\/wp-json\/wp\/v2\/users\/4"}],"replies":[{"embeddable":true,"href":"https:\/\/gartenbau.clone-it.de\/wpb367\/index.php\/wp-json\/wp\/v2\/comments?post=2"}],"version-history":[{"count":36,"href":"https:\/\/gartenbau.clone-it.de\/wpb367\/index.php\/wp-json\/wp\/v2\/pages\/2\/revisions"}],"predecessor-version":[{"id":4264,"href":"https:\/\/gartenbau.clone-it.de\/wpb367\/index.php\/wp-json\/wp\/v2\/pages\/2\/revisions\/4264"}],"wp:attachment":[{"href":"https:\/\/gartenbau.clone-it.de\/wpb367\/index.php\/wp-json\/wp\/v2\/media?parent=2"}],"curies":[{"name":"wp","href":"https:\/\/api.w.org\/{rel}","templated":true}]}}